{"id":13,"date":"2018-01-23T19:44:02","date_gmt":"2018-01-23T19:44:02","guid":{"rendered":"http:\/\/www.apptimal.at\/sommeliers\/?page_id=13"},"modified":"2023-04-12T17:36:43","modified_gmt":"2023-04-12T15:36:43","slug":"about","status":"publish","type":"page","link":"https:\/\/www.sommelier-jobs.com\/de\/about\/","title":{"rendered":"\u00dcBER UNS UND UNSEREN ANSATZ"},"content":{"rendered":"<p>Wir verbinden Arbeitgeber mit Sommeliers.<\/p>\n<p class=\"translation-block\">Top-Performer wollen von ihrer Arbeit inspiriert werden und bei den Endergebnissen Resultate sehen.<br>\nDie von uns angef\u00fchrten Unternehmen wissen und verstehen, was es braucht, um professionelle Sommeliers anzuziehen und zu halten.<\/p>\n<p>Seit 2012 ist unser Ziel beim \u201eInternational Premium Nischen Sommelier Jobportal\u201c einfach:<br \/>\n<strong>Verbinde die richtige Person zur richtigen Zeit mit der richtigen Gelegenheit.<\/strong><\/p>\n<h2>Wesentliche Merkmale:<\/h2>\n<p class=\"translation-block\">Systematischer Prozess:\nDer methodische Ansatz des \u201eInternational Premium Nischen Sommelier Jobportals\u201c wurde in Hunderten von erfolgreichen Stellenvermittlungen entwickelt und hat sich bew\u00e4hrt.<\/p>\n<p class=\"translation-block\">Gr\u00fcndlichkeit:\nDieser systematische Prozess wird streng und gr\u00fcndlich angewendet. Wir stellen sicher, dass die Kandidaten sicher f\u00fcr eine bestimmte Position geeignet sind, bevor sie sich darauf bewerben.<\/p>\n<p class=\"translation-block\">Fokus auf die Weinbranche:\nDa wir als \u201eInternationales Premium-Sommelier-Jobportal\u201c eine Plattform ausschlie\u00dflich f\u00fcr die Restaurant- und Weinbranche bieten, k\u00f6nnen Arbeitgeber sicher sein, dass wir Bewerber von h\u00f6chstem Niveau anziehen.<\/p>\n<p class=\"translation-block\">Erfahrung:\nDie Administratoren des \u201eInternational Premium Sommelier Jobportals\u201c sind professionelle Sommeliers mit Berufserfahrung in unterschiedlichen Positionen, L\u00e4ndern und Kulturen.<\/p>\n<p><span><strong>Ethikkodex:<\/strong><\/span><\/p>\n<p>Im Laufe der Jahre hat das \"Internationale Premium-Sommelier-Jobportal\" den folgenden Ethikkodex f\u00fcr die Art und Weise, wie wir unsere Gesch\u00e4fte f\u00fchren, \u00fcbernommen:<\/p>\n<ul>\n<li>Dem Kunden jeden potenziellen Interessenkonflikt zu erkl\u00e4ren, im Falle der Nachfrage.<\/li>\n<li>Informationen \u00fcber einen Kandidaten oder einen Arbeitgeber nicht wissentlich weiterzugeben.<\/li>\n<li>Jeder Kandidat, der \u00fcber das \"Internationale Premium-Sommelier-Jobportal\" in eine Position vermittelt wird, wird niemals angesprochen oder dazu veranlasst, auf eine andere Position zu wechseln, w\u00e4hrend er beim selben Kunden besch\u00e4ftigt ist.<\/li>\n<li>Kandidaten keine Geb\u00fchr f\u00fcr die Nutzung unserer Plattform zu berechnen.<\/li>\n<li>Nicht existierende Stellen nicht auszuschreiben.<\/li>\n<li>Details zu den Positionen, f\u00fcr die wir Auftr\u00e4ge haben, werden uns vom Arbeitgeber mitgeteilt. Wir erwarten von Kandidaten, die in die Interviewphase gehen, dass sie ihre eigenen Nachforschungen \u00fcber die Richtigkeit und Angemessenheit dieser Informationen anstellen.<\/li>\n<li>Alle relevanten Gesetze in Bezug auf unsere Profession einzuhalten.<\/li>\n<\/ul>","protected":false},"excerpt":{"rendered":"<p>We connect employers with Sommeliers. Top performers want to be inspired by their work and impact the end results. The companies we have listed know and understand what it takes to attract and keep professional Sommeliers. Since 2012 our goal at \u201cInternational Premium Sommelier job portal\u201d \u2013 is simple: Connect the right person with the [&hellip;]<\/p>\n","protected":false},"author":4,"featured_media":0,"parent":0,"menu_order":0,"comment_status":"closed","ping_status":"closed","template":"","meta":{"footnotes":""},"class_list":["post-13","page","type-page","status-publish","hentry"],"yoast_head":"<!-- This site is optimized with the Yoast SEO plugin v27.4 - https:\/\/yoast.com\/product\/yoast-seo-wordpress\/ -->\n<title>ABOUT US &amp; OUR APPROACH - International Premium Niche Sommelier Job Portal<\/title>\n<meta name=\"robots\" content=\"index, follow, max-snippet:-1, max-image-preview:large, max-video-preview:-1\" \/>\n<link rel=\"canonical\" href=\"https:\/\/www.sommelier-jobs.com\/de\/about\/\" \/>\n<meta property=\"og:locale\" content=\"de_DE\" \/>\n<meta property=\"og:type\" content=\"article\" \/>\n<meta property=\"og:title\" content=\"ABOUT US &amp; OUR APPROACH - International Premium Niche Sommelier Job Portal\" \/>\n<meta property=\"og:description\" content=\"We connect employers with Sommeliers. Top performers want to be inspired by their work and impact the end results. The companies we have listed know and understand what it takes to attract and keep professional Sommeliers. Since 2012 our goal at \u201cInternational Premium Sommelier job portal\u201d \u2013 is simple: Connect the right person with the [&hellip;]\" \/>\n<meta property=\"og:url\" content=\"https:\/\/www.sommelier-jobs.com\/de\/about\/\" \/>\n<meta property=\"og:site_name\" content=\"International Premium Niche Sommelier Job Portal\" \/>\n<meta property=\"article:publisher\" content=\"https:\/\/www.facebook.com\/Sommelierjobs\" \/>\n<meta property=\"article:modified_time\" content=\"2023-04-12T15:36:43+00:00\" \/>\n<meta name=\"twitter:card\" content=\"summary_large_image\" \/>\n<meta name=\"twitter:site\" content=\"@DominikKoz73050\" \/>\n<meta name=\"twitter:label1\" content=\"Gesch\u00e4tzte Lesezeit\" \/>\n\t<meta name=\"twitter:data1\" content=\"2\u00a0Minuten\" \/>\n<script type=\"application\/ld+json\" class=\"yoast-schema-graph\">{\"@context\":\"https:\\\/\\\/schema.org\",\"@graph\":[{\"@type\":\"WebPage\",\"@id\":\"https:\\\/\\\/www.sommelier-jobs.com\\\/about\\\/\",\"url\":\"https:\\\/\\\/www.sommelier-jobs.com\\\/about\\\/\",\"name\":\"ABOUT US & OUR APPROACH - International Premium Niche Sommelier Job Portal\",\"isPartOf\":{\"@id\":\"https:\\\/\\\/www.sommelier-jobs.com\\\/de\\\/#website\"},\"datePublished\":\"2018-01-23T19:44:02+00:00\",\"dateModified\":\"2023-04-12T15:36:43+00:00\",\"breadcrumb\":{\"@id\":\"https:\\\/\\\/www.sommelier-jobs.com\\\/about\\\/#breadcrumb\"},\"inLanguage\":\"de\",\"potentialAction\":[{\"@type\":\"ReadAction\",\"target\":[\"https:\\\/\\\/www.sommelier-jobs.com\\\/about\\\/\"]}]},{\"@type\":\"BreadcrumbList\",\"@id\":\"https:\\\/\\\/www.sommelier-jobs.com\\\/about\\\/#breadcrumb\",\"itemListElement\":[{\"@type\":\"ListItem\",\"position\":1,\"name\":\"Home\",\"item\":\"https:\\\/\\\/www.sommelier-jobs.com\\\/\"},{\"@type\":\"ListItem\",\"position\":2,\"name\":\"ABOUT US &#038; OUR APPROACH\"}]},{\"@type\":\"WebSite\",\"@id\":\"https:\\\/\\\/www.sommelier-jobs.com\\\/de\\\/#website\",\"url\":\"https:\\\/\\\/www.sommelier-jobs.com\\\/de\\\/\",\"name\":\"International Premium Niche Sommelier Job Portal\",\"description\":\"Sommelier Jobs Worldwide\",\"publisher\":{\"@id\":\"https:\\\/\\\/www.sommelier-jobs.com\\\/de\\\/#organization\"},\"potentialAction\":[{\"@type\":\"SearchAction\",\"target\":{\"@type\":\"EntryPoint\",\"urlTemplate\":\"https:\\\/\\\/www.sommelier-jobs.com\\\/de\\\/?s={search_term_string}\"},\"query-input\":{\"@type\":\"PropertyValueSpecification\",\"valueRequired\":true,\"valueName\":\"search_term_string\"}}],\"inLanguage\":\"de\"},{\"@type\":\"Organization\",\"@id\":\"https:\\\/\\\/www.sommelier-jobs.com\\\/de\\\/#organization\",\"name\":\"Zeitgeist Premium Sommelier Job Portal\",\"url\":\"https:\\\/\\\/www.sommelier-jobs.com\\\/de\\\/\",\"logo\":{\"@type\":\"ImageObject\",\"inLanguage\":\"de\",\"@id\":\"https:\\\/\\\/www.sommelier-jobs.com\\\/de\\\/#\\\/schema\\\/logo\\\/image\\\/\",\"url\":\"https:\\\/\\\/www.sommelier-jobs.com\\\/wp-content\\\/uploads\\\/2023\\\/03\\\/ICON.png\",\"contentUrl\":\"https:\\\/\\\/www.sommelier-jobs.com\\\/wp-content\\\/uploads\\\/2023\\\/03\\\/ICON.png\",\"width\":192,\"height\":192,\"caption\":\"Zeitgeist Premium Sommelier Job Portal\"},\"image\":{\"@id\":\"https:\\\/\\\/www.sommelier-jobs.com\\\/de\\\/#\\\/schema\\\/logo\\\/image\\\/\"},\"sameAs\":[\"https:\\\/\\\/www.facebook.com\\\/Sommelierjobs\",\"https:\\\/\\\/x.com\\\/DominikKoz73050\"]}]}<\/script>\n<!-- \/ Yoast SEO plugin. -->","yoast_head_json":{"title":"ABOUT US & OUR APPROACH - International Premium Niche Sommelier Job Portal","robots":{"index":"index","follow":"follow","max-snippet":"max-snippet:-1","max-image-preview":"max-image-preview:large","max-video-preview":"max-video-preview:-1"},"canonical":"https:\/\/www.sommelier-jobs.com\/de\/about\/","og_locale":"de_DE","og_type":"article","og_title":"ABOUT US & OUR APPROACH - International Premium Niche Sommelier Job Portal","og_description":"We connect employers with Sommeliers. Top performers want to be inspired by their work and impact the end results. The companies we have listed know and understand what it takes to attract and keep professional Sommeliers. Since 2012 our goal at \u201cInternational Premium Sommelier job portal\u201d \u2013 is simple: Connect the right person with the [&hellip;]","og_url":"https:\/\/www.sommelier-jobs.com\/de\/about\/","og_site_name":"International Premium Niche Sommelier Job Portal","article_publisher":"https:\/\/www.facebook.com\/Sommelierjobs","article_modified_time":"2023-04-12T15:36:43+00:00","twitter_card":"summary_large_image","twitter_site":"@DominikKoz73050","twitter_misc":{"Gesch\u00e4tzte Lesezeit":"2\u00a0Minuten"},"schema":{"@context":"https:\/\/schema.org","@graph":[{"@type":"WebPage","@id":"https:\/\/www.sommelier-jobs.com\/about\/","url":"https:\/\/www.sommelier-jobs.com\/about\/","name":"ABOUT US & OUR APPROACH - International Premium Niche Sommelier Job Portal","isPartOf":{"@id":"https:\/\/www.sommelier-jobs.com\/de\/#website"},"datePublished":"2018-01-23T19:44:02+00:00","dateModified":"2023-04-12T15:36:43+00:00","breadcrumb":{"@id":"https:\/\/www.sommelier-jobs.com\/about\/#breadcrumb"},"inLanguage":"de","potentialAction":[{"@type":"ReadAction","target":["https:\/\/www.sommelier-jobs.com\/about\/"]}]},{"@type":"BreadcrumbList","@id":"https:\/\/www.sommelier-jobs.com\/about\/#breadcrumb","itemListElement":[{"@type":"ListItem","position":1,"name":"Home","item":"https:\/\/www.sommelier-jobs.com\/"},{"@type":"ListItem","position":2,"name":"ABOUT US &#038; OUR APPROACH"}]},{"@type":"WebSite","@id":"https:\/\/www.sommelier-jobs.com\/de\/#website","url":"https:\/\/www.sommelier-jobs.com\/de\/","name":"International Premium Niche Sommelier Job Portal","description":"Sommelier Jobs Worldwide","publisher":{"@id":"https:\/\/www.sommelier-jobs.com\/de\/#organization"},"potentialAction":[{"@type":"SearchAction","target":{"@type":"EntryPoint","urlTemplate":"https:\/\/www.sommelier-jobs.com\/de\/?s={search_term_string}"},"query-input":{"@type":"PropertyValueSpecification","valueRequired":true,"valueName":"search_term_string"}}],"inLanguage":"de"},{"@type":"Organization","@id":"https:\/\/www.sommelier-jobs.com\/de\/#organization","name":"Zeitgeist Premium Sommelier Job Portal","url":"https:\/\/www.sommelier-jobs.com\/de\/","logo":{"@type":"ImageObject","inLanguage":"de","@id":"https:\/\/www.sommelier-jobs.com\/de\/#\/schema\/logo\/image\/","url":"https:\/\/www.sommelier-jobs.com\/wp-content\/uploads\/2023\/03\/ICON.png","contentUrl":"https:\/\/www.sommelier-jobs.com\/wp-content\/uploads\/2023\/03\/ICON.png","width":192,"height":192,"caption":"Zeitgeist Premium Sommelier Job Portal"},"image":{"@id":"https:\/\/www.sommelier-jobs.com\/de\/#\/schema\/logo\/image\/"},"sameAs":["https:\/\/www.facebook.com\/Sommelierjobs","https:\/\/x.com\/DominikKoz73050"]}]}},"publishpress_future_action":{"enabled":false,"date":"2026-05-04 11:25:01","action":"change-status","newStatus":"draft","terms":[],"taxonomy":"","extraData":[]},"publishpress_future_workflow_manual_trigger":{"enabledWorkflows":[]},"_links":{"self":[{"href":"https:\/\/www.sommelier-jobs.com\/de\/wp-json\/wp\/v2\/pages\/13","targetHints":{"allow":["GET"]}}],"collection":[{"href":"https:\/\/www.sommelier-jobs.com\/de\/wp-json\/wp\/v2\/pages"}],"about":[{"href":"https:\/\/www.sommelier-jobs.com\/de\/wp-json\/wp\/v2\/types\/page"}],"author":[{"embeddable":true,"href":"https:\/\/www.sommelier-jobs.com\/de\/wp-json\/wp\/v2\/users\/4"}],"replies":[{"embeddable":true,"href":"https:\/\/www.sommelier-jobs.com\/de\/wp-json\/wp\/v2\/comments?post=13"}],"version-history":[{"count":0,"href":"https:\/\/www.sommelier-jobs.com\/de\/wp-json\/wp\/v2\/pages\/13\/revisions"}],"wp:attachment":[{"href":"https:\/\/www.sommelier-jobs.com\/de\/wp-json\/wp\/v2\/media?parent=13"}],"curies":[{"name":"wp","href":"https:\/\/api.w.org\/{rel}","templated":true}]}}