{"id":399,"date":"2018-04-20T12:59:00","date_gmt":"2018-04-20T12:59:00","guid":{"rendered":"http:\/\/www.apptimal.at\/sommeliers\/?page_id=399"},"modified":"2023-02-17T14:06:01","modified_gmt":"2023-02-17T13:06:01","slug":"imprint","status":"publish","type":"page","link":"https:\/\/www.sommelier-jobs.com\/de\/imprint\/","title":{"rendered":"Impressum"},"content":{"rendered":"<h2>Rechtlicher Hinweis<\/h2>\n<p>Information gem\u00e4\u00df \u00a7 5 TMG<\/p>\n<p>Dominik Kozlik<br \/>\nGruberstrasse 78\/2\/12<br \/>\n4020 Linz<br \/>\n\u00d6sterreich<br \/>\nEuropa<\/p>\n<p>UID (VAT ID): ATU74620537<\/p>\n<h2>Kontaktieren Sie uns<\/h2>\n<p>Telephone: +436802063591<br \/>\nE-Mail: <a href=\"mailto:office@sommelier-jobs.com\">office@sommelier-jobs.com<\/a><br \/>\nInternet address: <a href=\"https:\/\/www.sommelier-jobs.com\/de\/\" target=\"_blank\" rel=\"noopener noreferrer\">www.sommelier-jobs.com<\/a><\/p>\n<h2>Regulierungsbeh\u00f6rde<\/h2>\n<p>Magistrat Linz - Austria, Europe<\/p>\n<h2>Regulierte \/ Freie Berufe<\/h2>\n<p>Stellenbezeichnung: Andere T\u00e4tigkeit<\/p>\n<h2>Haftungsausschluss<\/h2>\n<p>Accountability for content<br \/>\nThe contents of our pages have been created with the utmost care. However, we cannot guarantee the contents'<br \/>\naccuracy, completeness or topicality. According to statutory provisions, we are furthermore responsible for<br \/>\nour own content on these web pages. In this matter, please note that we are not obliged to monitor<br \/>\nthe transmitted or saved information of third parties, or investigate circumstances pointing to illegal activity.<br \/>\nOur obligations to remove or block the use of information under generally applicable laws remain unaffected by this as per<br \/>\n\u00a7\u00a7 8 to 10 of the Telemedia Act (TMG).<\/p>\n<p class=\"translation-block\">Verantwortung f\u00fcr Links\nDie Verantwortung f\u00fcr die Inhalte externer Links (zu Webseiten Dritter) liegt ausschlie\u00dflich bei den Betreibern der verlinkten Seiten. Zum Zeitpunkt des Setzens der Links waren uns keine Rechtsverletzungen bekannt. Sollten uns rechtliche Verst\u00f6\u00dfe bekannt werden, werden wir den entsprechenden Link umgehend entfernen.<\/p>\n<p class=\"translation-block\">Urheberrecht\nUnsere Webseiten und deren Inhalte unterliegen dem deutschen Urheberrecht. Sofern gesetzlich nicht ausdr\u00fccklich gestattet, bedarf jede Form der Nutzung, Vervielf\u00e4ltigung oder Bearbeitung von urheberrechtlich gesch\u00fctzten Werken auf unseren Webseiten der vorherigen Zustimmung des jeweiligen Rechteinhabers. Einzelne Vervielf\u00e4ltigungen eines Werkes sind nur f\u00fcr den privaten Gebrauch erlaubt. Die Materialien dieser Seiten sind urheberrechtlich gesch\u00fctzt, und jede unbefugte Nutzung kann gegen das Urheberrecht versto\u00dfen.<\/p>\n<h3>Webdesign<\/h3>\n<p><a href=\"https:\/\/wolfgang-kern.com\">wolfgang-kern.com<\/a><\/p>","protected":false},"excerpt":{"rendered":"<p>Legal Disclosure Information in accordance with Section 5 TMG Dominik Kozlik Gruberstrasse 78\/2\/12 4020 Linz Austria Europe UID (VAT ID): ATU74620537 Contact Information Telephone: +436802063591 E-Mail: office@sommelier-jobs.com Internet address: www.sommelier-jobs.com Regulating authority Magistrat Linz - Austria, Europe Regulated \/ Independent Professions Job title: Other occupation Beruf Disclaimer Accountability for content The contents of our pages [&hellip;]<\/p>\n","protected":false},"author":4,"featured_media":0,"parent":0,"menu_order":0,"comment_status":"closed","ping_status":"closed","template":"","meta":{"footnotes":""},"class_list":["post-399","page","type-page","status-publish","hentry"],"yoast_head":"<!-- This site is optimized with the Yoast SEO plugin v27.4 - https:\/\/yoast.com\/product\/yoast-seo-wordpress\/ -->\n<title>IMPRINT - International Premium Niche Sommelier Job Portal<\/title>\n<meta name=\"robots\" content=\"index, follow, max-snippet:-1, max-image-preview:large, max-video-preview:-1\" \/>\n<link rel=\"canonical\" href=\"https:\/\/www.sommelier-jobs.com\/de\/imprint\/\" \/>\n<meta property=\"og:locale\" content=\"de_DE\" \/>\n<meta property=\"og:type\" content=\"article\" \/>\n<meta property=\"og:title\" content=\"IMPRINT - International Premium Niche Sommelier Job Portal\" \/>\n<meta property=\"og:description\" content=\"Legal Disclosure Information in accordance with Section 5 TMG Dominik Kozlik Gruberstrasse 78\/2\/12 4020 Linz Austria Europe UID (VAT ID): ATU74620537 Contact Information Telephone: +436802063591 E-Mail: office@sommelier-jobs.com Internet address: www.sommelier-jobs.com Regulating authority Magistrat Linz - Austria, Europe Regulated \/ Independent Professions Job title: Other occupation Beruf Disclaimer Accountability for content The contents of our pages [&hellip;]\" \/>\n<meta property=\"og:url\" content=\"https:\/\/www.sommelier-jobs.com\/de\/imprint\/\" \/>\n<meta property=\"og:site_name\" content=\"International Premium Niche Sommelier Job Portal\" \/>\n<meta property=\"article:publisher\" content=\"https:\/\/www.facebook.com\/Sommelierjobs\" \/>\n<meta property=\"article:modified_time\" content=\"2023-02-17T13:06:01+00:00\" \/>\n<meta name=\"twitter:card\" content=\"summary_large_image\" \/>\n<meta name=\"twitter:site\" content=\"@DominikKoz73050\" \/>\n<meta name=\"twitter:label1\" content=\"Gesch\u00e4tzte Lesezeit\" \/>\n\t<meta name=\"twitter:data1\" content=\"2\u00a0Minuten\" \/>\n<script type=\"application\/ld+json\" class=\"yoast-schema-graph\">{\"@context\":\"https:\\\/\\\/schema.org\",\"@graph\":[{\"@type\":\"WebPage\",\"@id\":\"https:\\\/\\\/www.sommelier-jobs.com\\\/imprint\\\/\",\"url\":\"https:\\\/\\\/www.sommelier-jobs.com\\\/imprint\\\/\",\"name\":\"IMPRINT - International Premium Niche Sommelier Job Portal\",\"isPartOf\":{\"@id\":\"https:\\\/\\\/www.sommelier-jobs.com\\\/de\\\/#website\"},\"datePublished\":\"2018-04-20T12:59:00+00:00\",\"dateModified\":\"2023-02-17T13:06:01+00:00\",\"breadcrumb\":{\"@id\":\"https:\\\/\\\/www.sommelier-jobs.com\\\/imprint\\\/#breadcrumb\"},\"inLanguage\":\"de\",\"potentialAction\":[{\"@type\":\"ReadAction\",\"target\":[\"https:\\\/\\\/www.sommelier-jobs.com\\\/imprint\\\/\"]}]},{\"@type\":\"BreadcrumbList\",\"@id\":\"https:\\\/\\\/www.sommelier-jobs.com\\\/imprint\\\/#breadcrumb\",\"itemListElement\":[{\"@type\":\"ListItem\",\"position\":1,\"name\":\"Home\",\"item\":\"https:\\\/\\\/www.sommelier-jobs.com\\\/\"},{\"@type\":\"ListItem\",\"position\":2,\"name\":\"IMPRINT\"}]},{\"@type\":\"WebSite\",\"@id\":\"https:\\\/\\\/www.sommelier-jobs.com\\\/de\\\/#website\",\"url\":\"https:\\\/\\\/www.sommelier-jobs.com\\\/de\\\/\",\"name\":\"International Premium Niche Sommelier Job Portal\",\"description\":\"Sommelier Jobs Worldwide\",\"publisher\":{\"@id\":\"https:\\\/\\\/www.sommelier-jobs.com\\\/de\\\/#organization\"},\"potentialAction\":[{\"@type\":\"SearchAction\",\"target\":{\"@type\":\"EntryPoint\",\"urlTemplate\":\"https:\\\/\\\/www.sommelier-jobs.com\\\/de\\\/?s={search_term_string}\"},\"query-input\":{\"@type\":\"PropertyValueSpecification\",\"valueRequired\":true,\"valueName\":\"search_term_string\"}}],\"inLanguage\":\"de\"},{\"@type\":\"Organization\",\"@id\":\"https:\\\/\\\/www.sommelier-jobs.com\\\/de\\\/#organization\",\"name\":\"Zeitgeist Premium Sommelier Job Portal\",\"url\":\"https:\\\/\\\/www.sommelier-jobs.com\\\/de\\\/\",\"logo\":{\"@type\":\"ImageObject\",\"inLanguage\":\"de\",\"@id\":\"https:\\\/\\\/www.sommelier-jobs.com\\\/de\\\/#\\\/schema\\\/logo\\\/image\\\/\",\"url\":\"https:\\\/\\\/www.sommelier-jobs.com\\\/wp-content\\\/uploads\\\/2023\\\/03\\\/ICON.png\",\"contentUrl\":\"https:\\\/\\\/www.sommelier-jobs.com\\\/wp-content\\\/uploads\\\/2023\\\/03\\\/ICON.png\",\"width\":192,\"height\":192,\"caption\":\"Zeitgeist Premium Sommelier Job Portal\"},\"image\":{\"@id\":\"https:\\\/\\\/www.sommelier-jobs.com\\\/de\\\/#\\\/schema\\\/logo\\\/image\\\/\"},\"sameAs\":[\"https:\\\/\\\/www.facebook.com\\\/Sommelierjobs\",\"https:\\\/\\\/x.com\\\/DominikKoz73050\"]}]}<\/script>\n<!-- \/ Yoast SEO plugin. -->","yoast_head_json":{"title":"IMPRINT - International Premium Niche Sommelier Job Portal","robots":{"index":"index","follow":"follow","max-snippet":"max-snippet:-1","max-image-preview":"max-image-preview:large","max-video-preview":"max-video-preview:-1"},"canonical":"https:\/\/www.sommelier-jobs.com\/de\/imprint\/","og_locale":"de_DE","og_type":"article","og_title":"IMPRINT - International Premium Niche Sommelier Job Portal","og_description":"Legal Disclosure Information in accordance with Section 5 TMG Dominik Kozlik Gruberstrasse 78\/2\/12 4020 Linz Austria Europe UID (VAT ID): ATU74620537 Contact Information Telephone: +436802063591 E-Mail: office@sommelier-jobs.com Internet address: www.sommelier-jobs.com Regulating authority Magistrat Linz - Austria, Europe Regulated \/ Independent Professions Job title: Other occupation Beruf Disclaimer Accountability for content The contents of our pages [&hellip;]","og_url":"https:\/\/www.sommelier-jobs.com\/de\/imprint\/","og_site_name":"International Premium Niche Sommelier Job Portal","article_publisher":"https:\/\/www.facebook.com\/Sommelierjobs","article_modified_time":"2023-02-17T13:06:01+00:00","twitter_card":"summary_large_image","twitter_site":"@DominikKoz73050","twitter_misc":{"Gesch\u00e4tzte Lesezeit":"2\u00a0Minuten"},"schema":{"@context":"https:\/\/schema.org","@graph":[{"@type":"WebPage","@id":"https:\/\/www.sommelier-jobs.com\/imprint\/","url":"https:\/\/www.sommelier-jobs.com\/imprint\/","name":"IMPRINT - International Premium Niche Sommelier Job Portal","isPartOf":{"@id":"https:\/\/www.sommelier-jobs.com\/de\/#website"},"datePublished":"2018-04-20T12:59:00+00:00","dateModified":"2023-02-17T13:06:01+00:00","breadcrumb":{"@id":"https:\/\/www.sommelier-jobs.com\/imprint\/#breadcrumb"},"inLanguage":"de","potentialAction":[{"@type":"ReadAction","target":["https:\/\/www.sommelier-jobs.com\/imprint\/"]}]},{"@type":"BreadcrumbList","@id":"https:\/\/www.sommelier-jobs.com\/imprint\/#breadcrumb","itemListElement":[{"@type":"ListItem","position":1,"name":"Home","item":"https:\/\/www.sommelier-jobs.com\/"},{"@type":"ListItem","position":2,"name":"IMPRINT"}]},{"@type":"WebSite","@id":"https:\/\/www.sommelier-jobs.com\/de\/#website","url":"https:\/\/www.sommelier-jobs.com\/de\/","name":"International Premium Niche Sommelier Job Portal","description":"Sommelier Jobs Worldwide","publisher":{"@id":"https:\/\/www.sommelier-jobs.com\/de\/#organization"},"potentialAction":[{"@type":"SearchAction","target":{"@type":"EntryPoint","urlTemplate":"https:\/\/www.sommelier-jobs.com\/de\/?s={search_term_string}"},"query-input":{"@type":"PropertyValueSpecification","valueRequired":true,"valueName":"search_term_string"}}],"inLanguage":"de"},{"@type":"Organization","@id":"https:\/\/www.sommelier-jobs.com\/de\/#organization","name":"Zeitgeist Premium Sommelier Job Portal","url":"https:\/\/www.sommelier-jobs.com\/de\/","logo":{"@type":"ImageObject","inLanguage":"de","@id":"https:\/\/www.sommelier-jobs.com\/de\/#\/schema\/logo\/image\/","url":"https:\/\/www.sommelier-jobs.com\/wp-content\/uploads\/2023\/03\/ICON.png","contentUrl":"https:\/\/www.sommelier-jobs.com\/wp-content\/uploads\/2023\/03\/ICON.png","width":192,"height":192,"caption":"Zeitgeist Premium Sommelier Job Portal"},"image":{"@id":"https:\/\/www.sommelier-jobs.com\/de\/#\/schema\/logo\/image\/"},"sameAs":["https:\/\/www.facebook.com\/Sommelierjobs","https:\/\/x.com\/DominikKoz73050"]}]}},"publishpress_future_action":{"enabled":false,"date":"2026-05-03 13:32:15","action":"change-status","newStatus":"draft","terms":[],"taxonomy":"","extraData":[]},"publishpress_future_workflow_manual_trigger":{"enabledWorkflows":[]},"_links":{"self":[{"href":"https:\/\/www.sommelier-jobs.com\/de\/wp-json\/wp\/v2\/pages\/399","targetHints":{"allow":["GET"]}}],"collection":[{"href":"https:\/\/www.sommelier-jobs.com\/de\/wp-json\/wp\/v2\/pages"}],"about":[{"href":"https:\/\/www.sommelier-jobs.com\/de\/wp-json\/wp\/v2\/types\/page"}],"author":[{"embeddable":true,"href":"https:\/\/www.sommelier-jobs.com\/de\/wp-json\/wp\/v2\/users\/4"}],"replies":[{"embeddable":true,"href":"https:\/\/www.sommelier-jobs.com\/de\/wp-json\/wp\/v2\/comments?post=399"}],"version-history":[{"count":0,"href":"https:\/\/www.sommelier-jobs.com\/de\/wp-json\/wp\/v2\/pages\/399\/revisions"}],"wp:attachment":[{"href":"https:\/\/www.sommelier-jobs.com\/de\/wp-json\/wp\/v2\/media?parent=399"}],"curies":[{"name":"wp","href":"https:\/\/api.w.org\/{rel}","templated":true}]}}