{"id":11,"date":"2018-01-23T19:43:49","date_gmt":"2018-01-23T19:43:49","guid":{"rendered":"http:\/\/www.apptimal.at\/sommeliers\/?page_id=11"},"modified":"2025-07-10T11:10:08","modified_gmt":"2025-07-10T09:10:08","slug":"travel-info","status":"publish","type":"page","link":"https:\/\/www.sommelier-jobs.com\/fr\/travel-info\/","title":{"rendered":"INFOS SUR LE VOYAGE"},"content":{"rendered":"<h2 style=\"overflow-x: auto;\">Liens de voyage utiles<\/h2>\n<table style=\"border-color: #6a4b46;\" border=\"1\" align=\"center\">\n<tbody>\n<tr>\n<td style=\"width: 50%;\">\n<h3>Conseils de voyage<\/h3>\n<\/td>\n<td style=\"width: 50%;\">Annonces et avis de voyage dans le monde entier.<br \/>de <a class=\"travel\" href=\"https:\/\/consular-protection.ec.europa.eu\/travel-advice_en\" target=\"_blank\" rel=\"noopener\">European Union<\/a> et <a class=\"travel\" href=\"http:\/\/www.who.int\/en\/\" target=\"_blank\" rel=\"noopener\">World Health Organization<\/a>.<\/td>\n<\/tr>\n<tr>\n<td style=\"width: 50%;\">\n<h3>Informations de voyage de l'ECDC<\/h3>\n<\/td>\n<td style=\"width: 50%;\">Info de <a class=\"travel\" href=\"http:\/\/www.ecdc.europa.eu\/en\/Pages\/home.aspx\" target=\"_blank\" rel=\"noopener\">Centre for Disease Prevention and Control's<\/a> pr\u00e9cautions de sant\u00e9 et avertissements recommand\u00e9s pour les voyageurs.<\/td>\n<\/tr>\n<tr>\n<td style=\"width: 50%;\">\n<h3>Convertisseur de devises<\/h3>\n<\/td>\n<td style=\"width: 50%;\">Le <a class=\"travel\" href=\"http:\/\/www.xe.com\/currencyconverter\/\" target=\"_blank\" rel=\"noopener\">Universal Currency Converter<\/a>\u2122.<\/td>\n<\/tr>\n<tr>\n<td style=\"width: 50%;\">\n<h3>Heure mondiale<\/h3>\n<\/td>\n<td style=\"width: 50%;\">L'un des plus faciles de <a class=\"travel\" href=\"http:\/\/www.timeanddate.com\/worldclock\/custom.html?sort=1\" target=\"_blank\" rel=\"noopener\">international time conversion<\/a> des sites id\u00e9aux si vous souhaitez savoir l'heure qu'il est chez vous ou ailleurs !<\/td>\n<\/tr>\n<tr>\n<td style=\"width: 50%;\">\n<h3>La Cha\u00eene M\u00e9t\u00e9o<\/h3>\n<\/td>\n<td style=\"width: 50%;\">Tout ce que vous devez savoir sur <a class=\"travel\" href=\"http:\/\/www.timeanddate.com\/weather\/\" target=\"_blank\" rel=\"noopener\">current weather conditions<\/a>.<\/td>\n<\/tr>\n<tr>\n<td style=\"width: 50%;\">\n<h3>Google Maps<\/h3>\n<\/td>\n<td style=\"width: 50%;\">Service de porte \u00e0 porte <a class=\"travel\" href=\"https:\/\/maps.google.com\/\" target=\"_blank\" rel=\"noopener\">driving directions, detailed maps<\/a>.<\/td>\n<\/tr>\n<tr>\n<td style=\"width: 50%;\">\n<h3>Agence de s\u00e9curit\u00e9 a\u00e9rienne<\/h3>\n<\/td>\n<td style=\"width: 50%;\">Le transport a\u00e9rien est l'un des modes de voyage les plus s\u00fbrs. C'est \u00e9galement celui qui conna\u00eet la croissance la plus rapide.<br \/>Pour maintenir le transport a\u00e9rien s\u00fbr et durable, permettant la croissance et l'am\u00e9lioration de la s\u00e9curit\u00e9. Consultez <a class=\"travel\" href=\"https:\/\/en.wikipedia.org\/wiki\/List_of_civil_aviation_authorities\" target=\"_blank\" rel=\"noopener\">civil aviation authorities<\/a> et toutes les informations pertinentes concernant le pays o\u00f9 vous vous trouvez ou vers lequel vous allez.<\/td>\n<\/tr>\n<tr>\n<td style=\"width: 50%;\">\n<h3 class=\"pe-title\">\u00c9tiquette de sommelier<\/h3>\n<\/td>\n<td style=\"width: 50%;\">Brush up on your etiquette with these strategic tips from the recommended website <a href=\"https:\/\/www.commisceo-global.com\/resources\/country-guides\/\" target=\"_blank\" rel=\"noopener\">Link:\u00a0Commisceo<\/a><\/td>\n<\/tr>\n<\/tbody>\n<\/table>\n\n\n<p><\/p>","protected":false},"excerpt":{"rendered":"<p>Useful travel links Travel advice Worldwide travel announcements and advisories.from European Union or World Health Organization. ECDC Travel Information This site gives the Centre for Disease Prevention and Control's recommended health precautions and warnings for travelers. Currency Converter The Universal Currency Converter\u2122. Worldtime One of the easiest of the international time conversion sites around, ideal [&hellip;]<\/p>\n","protected":false},"author":4,"featured_media":0,"parent":0,"menu_order":0,"comment_status":"closed","ping_status":"closed","template":"","meta":{"footnotes":""},"class_list":["post-11","page","type-page","status-publish","hentry"],"yoast_head":"<!-- This site is optimized with the Yoast SEO plugin v27.4 - https:\/\/yoast.com\/product\/yoast-seo-wordpress\/ -->\n<title>TRAVEL INFO - International Premium Niche Sommelier Job Portal<\/title>\n<meta name=\"robots\" content=\"index, follow, max-snippet:-1, max-image-preview:large, max-video-preview:-1\" \/>\n<link rel=\"canonical\" href=\"https:\/\/www.sommelier-jobs.com\/fr\/travel-info\/\" \/>\n<meta property=\"og:locale\" content=\"fr_FR\" \/>\n<meta property=\"og:type\" content=\"article\" \/>\n<meta property=\"og:title\" content=\"TRAVEL INFO - International Premium Niche Sommelier Job Portal\" \/>\n<meta property=\"og:description\" content=\"Useful travel links Travel advice Worldwide travel announcements and advisories.from European Union or World Health Organization. ECDC Travel Information This site gives the Centre for Disease Prevention and Control&#039;s recommended health precautions and warnings for travelers. Currency Converter The Universal Currency Converter\u2122. Worldtime One of the easiest of the international time conversion sites around, ideal [&hellip;]\" \/>\n<meta property=\"og:url\" content=\"https:\/\/www.sommelier-jobs.com\/fr\/travel-info\/\" \/>\n<meta property=\"og:site_name\" content=\"International Premium Niche Sommelier Job Portal\" \/>\n<meta property=\"article:publisher\" content=\"https:\/\/www.facebook.com\/Sommelierjobs\" \/>\n<meta property=\"article:modified_time\" content=\"2025-07-10T09:10:08+00:00\" \/>\n<meta name=\"twitter:card\" content=\"summary_large_image\" \/>\n<meta name=\"twitter:site\" content=\"@DominikKoz73050\" \/>\n<meta name=\"twitter:label1\" content=\"Dur\u00e9e de lecture estim\u00e9e\" \/>\n\t<meta name=\"twitter:data1\" content=\"2 minutes\" \/>\n<script type=\"application\/ld+json\" class=\"yoast-schema-graph\">{\"@context\":\"https:\\\/\\\/schema.org\",\"@graph\":[{\"@type\":\"WebPage\",\"@id\":\"https:\\\/\\\/www.sommelier-jobs.com\\\/travel-info\\\/\",\"url\":\"https:\\\/\\\/www.sommelier-jobs.com\\\/travel-info\\\/\",\"name\":\"TRAVEL INFO - International Premium Niche Sommelier Job Portal\",\"isPartOf\":{\"@id\":\"https:\\\/\\\/www.sommelier-jobs.com\\\/de\\\/#website\"},\"datePublished\":\"2018-01-23T19:43:49+00:00\",\"dateModified\":\"2025-07-10T09:10:08+00:00\",\"breadcrumb\":{\"@id\":\"https:\\\/\\\/www.sommelier-jobs.com\\\/travel-info\\\/#breadcrumb\"},\"inLanguage\":\"fr-FR\",\"potentialAction\":[{\"@type\":\"ReadAction\",\"target\":[\"https:\\\/\\\/www.sommelier-jobs.com\\\/travel-info\\\/\"]}]},{\"@type\":\"BreadcrumbList\",\"@id\":\"https:\\\/\\\/www.sommelier-jobs.com\\\/travel-info\\\/#breadcrumb\",\"itemListElement\":[{\"@type\":\"ListItem\",\"position\":1,\"name\":\"Home\",\"item\":\"https:\\\/\\\/www.sommelier-jobs.com\\\/\"},{\"@type\":\"ListItem\",\"position\":2,\"name\":\"TRAVEL INFO\"}]},{\"@type\":\"WebSite\",\"@id\":\"https:\\\/\\\/www.sommelier-jobs.com\\\/de\\\/#website\",\"url\":\"https:\\\/\\\/www.sommelier-jobs.com\\\/de\\\/\",\"name\":\"International Premium Niche Sommelier Job Portal\",\"description\":\"Sommelier Jobs Worldwide\",\"publisher\":{\"@id\":\"https:\\\/\\\/www.sommelier-jobs.com\\\/de\\\/#organization\"},\"potentialAction\":[{\"@type\":\"SearchAction\",\"target\":{\"@type\":\"EntryPoint\",\"urlTemplate\":\"https:\\\/\\\/www.sommelier-jobs.com\\\/de\\\/?s={search_term_string}\"},\"query-input\":{\"@type\":\"PropertyValueSpecification\",\"valueRequired\":true,\"valueName\":\"search_term_string\"}}],\"inLanguage\":\"fr-FR\"},{\"@type\":\"Organization\",\"@id\":\"https:\\\/\\\/www.sommelier-jobs.com\\\/de\\\/#organization\",\"name\":\"Zeitgeist Premium Sommelier Job Portal\",\"url\":\"https:\\\/\\\/www.sommelier-jobs.com\\\/de\\\/\",\"logo\":{\"@type\":\"ImageObject\",\"inLanguage\":\"fr-FR\",\"@id\":\"https:\\\/\\\/www.sommelier-jobs.com\\\/de\\\/#\\\/schema\\\/logo\\\/image\\\/\",\"url\":\"https:\\\/\\\/www.sommelier-jobs.com\\\/wp-content\\\/uploads\\\/2023\\\/03\\\/ICON.png\",\"contentUrl\":\"https:\\\/\\\/www.sommelier-jobs.com\\\/wp-content\\\/uploads\\\/2023\\\/03\\\/ICON.png\",\"width\":192,\"height\":192,\"caption\":\"Zeitgeist Premium Sommelier Job Portal\"},\"image\":{\"@id\":\"https:\\\/\\\/www.sommelier-jobs.com\\\/de\\\/#\\\/schema\\\/logo\\\/image\\\/\"},\"sameAs\":[\"https:\\\/\\\/www.facebook.com\\\/Sommelierjobs\",\"https:\\\/\\\/x.com\\\/DominikKoz73050\"]}]}<\/script>\n<!-- \/ Yoast SEO plugin. -->","yoast_head_json":{"title":"TRAVEL INFO - International Premium Niche Sommelier Job Portal","robots":{"index":"index","follow":"follow","max-snippet":"max-snippet:-1","max-image-preview":"max-image-preview:large","max-video-preview":"max-video-preview:-1"},"canonical":"https:\/\/www.sommelier-jobs.com\/fr\/travel-info\/","og_locale":"fr_FR","og_type":"article","og_title":"TRAVEL INFO - International Premium Niche Sommelier Job Portal","og_description":"Useful travel links Travel advice Worldwide travel announcements and advisories.from European Union or World Health Organization. ECDC Travel Information This site gives the Centre for Disease Prevention and Control's recommended health precautions and warnings for travelers. Currency Converter The Universal Currency Converter\u2122. Worldtime One of the easiest of the international time conversion sites around, ideal [&hellip;]","og_url":"https:\/\/www.sommelier-jobs.com\/fr\/travel-info\/","og_site_name":"International Premium Niche Sommelier Job Portal","article_publisher":"https:\/\/www.facebook.com\/Sommelierjobs","article_modified_time":"2025-07-10T09:10:08+00:00","twitter_card":"summary_large_image","twitter_site":"@DominikKoz73050","twitter_misc":{"Dur\u00e9e de lecture estim\u00e9e":"2 minutes"},"schema":{"@context":"https:\/\/schema.org","@graph":[{"@type":"WebPage","@id":"https:\/\/www.sommelier-jobs.com\/travel-info\/","url":"https:\/\/www.sommelier-jobs.com\/travel-info\/","name":"TRAVEL INFO - International Premium Niche Sommelier Job Portal","isPartOf":{"@id":"https:\/\/www.sommelier-jobs.com\/de\/#website"},"datePublished":"2018-01-23T19:43:49+00:00","dateModified":"2025-07-10T09:10:08+00:00","breadcrumb":{"@id":"https:\/\/www.sommelier-jobs.com\/travel-info\/#breadcrumb"},"inLanguage":"fr-FR","potentialAction":[{"@type":"ReadAction","target":["https:\/\/www.sommelier-jobs.com\/travel-info\/"]}]},{"@type":"BreadcrumbList","@id":"https:\/\/www.sommelier-jobs.com\/travel-info\/#breadcrumb","itemListElement":[{"@type":"ListItem","position":1,"name":"Home","item":"https:\/\/www.sommelier-jobs.com\/"},{"@type":"ListItem","position":2,"name":"TRAVEL INFO"}]},{"@type":"WebSite","@id":"https:\/\/www.sommelier-jobs.com\/de\/#website","url":"https:\/\/www.sommelier-jobs.com\/de\/","name":"International Premium Niche Sommelier Job Portal","description":"Sommelier Jobs Worldwide","publisher":{"@id":"https:\/\/www.sommelier-jobs.com\/de\/#organization"},"potentialAction":[{"@type":"SearchAction","target":{"@type":"EntryPoint","urlTemplate":"https:\/\/www.sommelier-jobs.com\/de\/?s={search_term_string}"},"query-input":{"@type":"PropertyValueSpecification","valueRequired":true,"valueName":"search_term_string"}}],"inLanguage":"fr-FR"},{"@type":"Organization","@id":"https:\/\/www.sommelier-jobs.com\/de\/#organization","name":"Zeitgeist Premium Sommelier Job Portal","url":"https:\/\/www.sommelier-jobs.com\/de\/","logo":{"@type":"ImageObject","inLanguage":"fr-FR","@id":"https:\/\/www.sommelier-jobs.com\/de\/#\/schema\/logo\/image\/","url":"https:\/\/www.sommelier-jobs.com\/wp-content\/uploads\/2023\/03\/ICON.png","contentUrl":"https:\/\/www.sommelier-jobs.com\/wp-content\/uploads\/2023\/03\/ICON.png","width":192,"height":192,"caption":"Zeitgeist Premium Sommelier Job Portal"},"image":{"@id":"https:\/\/www.sommelier-jobs.com\/de\/#\/schema\/logo\/image\/"},"sameAs":["https:\/\/www.facebook.com\/Sommelierjobs","https:\/\/x.com\/DominikKoz73050"]}]}},"publishpress_future_action":{"enabled":false,"date":"2026-04-24 11:01:43","action":"change-status","newStatus":"draft","terms":[],"taxonomy":"","extraData":[]},"publishpress_future_workflow_manual_trigger":{"enabledWorkflows":[]},"_links":{"self":[{"href":"https:\/\/www.sommelier-jobs.com\/fr\/wp-json\/wp\/v2\/pages\/11","targetHints":{"allow":["GET"]}}],"collection":[{"href":"https:\/\/www.sommelier-jobs.com\/fr\/wp-json\/wp\/v2\/pages"}],"about":[{"href":"https:\/\/www.sommelier-jobs.com\/fr\/wp-json\/wp\/v2\/types\/page"}],"author":[{"embeddable":true,"href":"https:\/\/www.sommelier-jobs.com\/fr\/wp-json\/wp\/v2\/users\/4"}],"replies":[{"embeddable":true,"href":"https:\/\/www.sommelier-jobs.com\/fr\/wp-json\/wp\/v2\/comments?post=11"}],"version-history":[{"count":0,"href":"https:\/\/www.sommelier-jobs.com\/fr\/wp-json\/wp\/v2\/pages\/11\/revisions"}],"wp:attachment":[{"href":"https:\/\/www.sommelier-jobs.com\/fr\/wp-json\/wp\/v2\/media?parent=11"}],"curies":[{"name":"wp","href":"https:\/\/api.w.org\/{rel}","templated":true}]}}