{"id":13,"date":"2018-01-23T19:44:02","date_gmt":"2018-01-23T19:44:02","guid":{"rendered":"http:\/\/www.apptimal.at\/sommeliers\/?page_id=13"},"modified":"2023-04-12T17:36:43","modified_gmt":"2023-04-12T15:36:43","slug":"about","status":"publish","type":"page","link":"https:\/\/www.sommelier-jobs.com\/fr\/about\/","title":{"rendered":"\u00c0 PROPOS DE NOUS ET NOTRE APPROCHE"},"content":{"rendered":"<p>Nous mettons en relation les employeurs avec les Sommeliers.<\/p>\n<p class=\"translation-block\">Les meilleurs performeurs souhaitent \u00eatre inspir\u00e9s par leur travail et avoir un impact sur les r\u00e9sultats finaux.<br>Les entreprises que nous avons r\u00e9pertori\u00e9es savent et comprennent ce qu'il faut pour attirer et fid\u00e9liser des sommeliers professionnels.<\/p>\n<p>Since 2012 our goal at \u201cInternational Premium Sommelier job portal\u201d \u2013 is simple:<br \/>\n<strong>Connect the right person with the right opportunity at the right time.<\/strong><\/p>\n<h2>Caract\u00e9ristiques Cl\u00e9s :<\/h2>\n<p class=\"translation-block\"><span><strong>Systematic Process:<br>\r\n<\/strong><\/span>The methodical approach used by \u201cInternational Premium Sommelier job portal\u201d \u2013 has been developed and proven over hundreds of successful placements.<\/p>\n<p class=\"translation-block\"><span><strong>Thoroughness:<\/strong><\/span><br>\r\nThis systematic process is rigorously and thoroughly applied. We ensure that people are certain to fit a particular position before applying for that position.<\/p>\n<p class=\"translation-block\"><span><strong>Wine Industry Focus:<\/strong><\/span><br>\r\nAs \u201cInternational Premium Sommelier job portal\u201d \u2013 provides a platform exclusively for the restaurant and wine industry, employers can be confident that we attract the highest calibre of candidates.<\/p>\n<p class=\"translation-block\"><span><strong>Experience:<br>\r\n<\/strong><\/span>The principal of \u201cInternational Premium Sommelier job portal\u201d \u2013 is Sommelier professionals with experience working in different positions, countries, and cultures.<\/p>\n<p><span><strong>Code de D\u00e9ontologie :<\/strong><\/span><\/p>\n<p>Au fil des ans, le \u00ab Portail d'Emploi International Premium pour Sommeliers \u00bb a adopt\u00e9 le code de pratique \u00e9thique suivant pour la conduite de nos affaires :<\/p>\n<ul>\n<li>D\u00e9clarer tout conflit d'int\u00e9r\u00eat potentiel au client avant d'entreprendre la proc\u00e9dure.<\/li>\n<li>Ne pas transmettre sciemment des informations concernant un candidat ou un employeur.<\/li>\n<li>Tout candidat plac\u00e9 dans un poste par le biais du \u00ab Portail d'Emploi International Premium pour Sommeliers \u00bb ne sera jamais approch\u00e9 ou incit\u00e9 \u00e0 changer de poste tout en \u00e9tant employ\u00e9 par le m\u00eame client.<\/li>\n<li>Les candidats ne seront pas factur\u00e9s de frais pour utiliser notre plateforme.<\/li>\n<li>Ne pas annoncer des postes inexistants.<\/li>\n<li>Les d\u00e9tails des postes pour lesquels nous avons des missions seront transmis tels qu'ils nous sont fournis par l'employeur. Nous attendons des candidats qui passent \u00e0 l'\u00e9tape de l'entretien qu'ils fassent leurs propres v\u00e9rifications concernant l'exactitude et la pertinence de ces informations.<\/li>\n<li>Se conformer \u00e0 toute la l\u00e9gislation pertinente relative \u00e0 notre profession.<\/li>\n<\/ul>","protected":false},"excerpt":{"rendered":"<p>We connect employers with Sommeliers. Top performers want to be inspired by their work and impact the end results. The companies we have listed know and understand what it takes to attract and keep professional Sommeliers. Since 2012 our goal at \u201cInternational Premium Sommelier job portal\u201d \u2013 is simple: Connect the right person with the [&hellip;]<\/p>\n","protected":false},"author":4,"featured_media":0,"parent":0,"menu_order":0,"comment_status":"closed","ping_status":"closed","template":"","meta":{"footnotes":""},"class_list":["post-13","page","type-page","status-publish","hentry"],"yoast_head":"<!-- This site is optimized with the Yoast SEO plugin v27.4 - https:\/\/yoast.com\/product\/yoast-seo-wordpress\/ -->\n<title>ABOUT US &amp; OUR APPROACH - International Premium Niche Sommelier Job Portal<\/title>\n<meta name=\"robots\" content=\"index, follow, max-snippet:-1, max-image-preview:large, max-video-preview:-1\" \/>\n<link rel=\"canonical\" href=\"https:\/\/www.sommelier-jobs.com\/fr\/about\/\" \/>\n<meta property=\"og:locale\" content=\"fr_FR\" \/>\n<meta property=\"og:type\" content=\"article\" \/>\n<meta property=\"og:title\" content=\"ABOUT US &amp; OUR APPROACH - International Premium Niche Sommelier Job Portal\" \/>\n<meta property=\"og:description\" content=\"We connect employers with Sommeliers. Top performers want to be inspired by their work and impact the end results. The companies we have listed know and understand what it takes to attract and keep professional Sommeliers. Since 2012 our goal at \u201cInternational Premium Sommelier job portal\u201d \u2013 is simple: Connect the right person with the [&hellip;]\" \/>\n<meta property=\"og:url\" content=\"https:\/\/www.sommelier-jobs.com\/fr\/about\/\" \/>\n<meta property=\"og:site_name\" content=\"International Premium Niche Sommelier Job Portal\" \/>\n<meta property=\"article:publisher\" content=\"https:\/\/www.facebook.com\/Sommelierjobs\" \/>\n<meta property=\"article:modified_time\" content=\"2023-04-12T15:36:43+00:00\" \/>\n<meta name=\"twitter:card\" content=\"summary_large_image\" \/>\n<meta name=\"twitter:site\" content=\"@DominikKoz73050\" \/>\n<meta name=\"twitter:label1\" content=\"Dur\u00e9e de lecture estim\u00e9e\" \/>\n\t<meta name=\"twitter:data1\" content=\"2 minutes\" \/>\n<script type=\"application\/ld+json\" class=\"yoast-schema-graph\">{\"@context\":\"https:\\\/\\\/schema.org\",\"@graph\":[{\"@type\":\"WebPage\",\"@id\":\"https:\\\/\\\/www.sommelier-jobs.com\\\/about\\\/\",\"url\":\"https:\\\/\\\/www.sommelier-jobs.com\\\/about\\\/\",\"name\":\"ABOUT US & OUR APPROACH - International Premium Niche Sommelier Job Portal\",\"isPartOf\":{\"@id\":\"https:\\\/\\\/www.sommelier-jobs.com\\\/de\\\/#website\"},\"datePublished\":\"2018-01-23T19:44:02+00:00\",\"dateModified\":\"2023-04-12T15:36:43+00:00\",\"breadcrumb\":{\"@id\":\"https:\\\/\\\/www.sommelier-jobs.com\\\/about\\\/#breadcrumb\"},\"inLanguage\":\"fr-FR\",\"potentialAction\":[{\"@type\":\"ReadAction\",\"target\":[\"https:\\\/\\\/www.sommelier-jobs.com\\\/about\\\/\"]}]},{\"@type\":\"BreadcrumbList\",\"@id\":\"https:\\\/\\\/www.sommelier-jobs.com\\\/about\\\/#breadcrumb\",\"itemListElement\":[{\"@type\":\"ListItem\",\"position\":1,\"name\":\"Home\",\"item\":\"https:\\\/\\\/www.sommelier-jobs.com\\\/\"},{\"@type\":\"ListItem\",\"position\":2,\"name\":\"ABOUT US &#038; OUR APPROACH\"}]},{\"@type\":\"WebSite\",\"@id\":\"https:\\\/\\\/www.sommelier-jobs.com\\\/de\\\/#website\",\"url\":\"https:\\\/\\\/www.sommelier-jobs.com\\\/de\\\/\",\"name\":\"International Premium Niche Sommelier Job Portal\",\"description\":\"Sommelier Jobs Worldwide\",\"publisher\":{\"@id\":\"https:\\\/\\\/www.sommelier-jobs.com\\\/de\\\/#organization\"},\"potentialAction\":[{\"@type\":\"SearchAction\",\"target\":{\"@type\":\"EntryPoint\",\"urlTemplate\":\"https:\\\/\\\/www.sommelier-jobs.com\\\/de\\\/?s={search_term_string}\"},\"query-input\":{\"@type\":\"PropertyValueSpecification\",\"valueRequired\":true,\"valueName\":\"search_term_string\"}}],\"inLanguage\":\"fr-FR\"},{\"@type\":\"Organization\",\"@id\":\"https:\\\/\\\/www.sommelier-jobs.com\\\/de\\\/#organization\",\"name\":\"Zeitgeist Premium Sommelier Job Portal\",\"url\":\"https:\\\/\\\/www.sommelier-jobs.com\\\/de\\\/\",\"logo\":{\"@type\":\"ImageObject\",\"inLanguage\":\"fr-FR\",\"@id\":\"https:\\\/\\\/www.sommelier-jobs.com\\\/de\\\/#\\\/schema\\\/logo\\\/image\\\/\",\"url\":\"https:\\\/\\\/www.sommelier-jobs.com\\\/wp-content\\\/uploads\\\/2023\\\/03\\\/ICON.png\",\"contentUrl\":\"https:\\\/\\\/www.sommelier-jobs.com\\\/wp-content\\\/uploads\\\/2023\\\/03\\\/ICON.png\",\"width\":192,\"height\":192,\"caption\":\"Zeitgeist Premium Sommelier Job Portal\"},\"image\":{\"@id\":\"https:\\\/\\\/www.sommelier-jobs.com\\\/de\\\/#\\\/schema\\\/logo\\\/image\\\/\"},\"sameAs\":[\"https:\\\/\\\/www.facebook.com\\\/Sommelierjobs\",\"https:\\\/\\\/x.com\\\/DominikKoz73050\"]}]}<\/script>\n<!-- \/ Yoast SEO plugin. -->","yoast_head_json":{"title":"ABOUT US & OUR APPROACH - International Premium Niche Sommelier Job Portal","robots":{"index":"index","follow":"follow","max-snippet":"max-snippet:-1","max-image-preview":"max-image-preview:large","max-video-preview":"max-video-preview:-1"},"canonical":"https:\/\/www.sommelier-jobs.com\/fr\/about\/","og_locale":"fr_FR","og_type":"article","og_title":"ABOUT US & OUR APPROACH - International Premium Niche Sommelier Job Portal","og_description":"We connect employers with Sommeliers. Top performers want to be inspired by their work and impact the end results. The companies we have listed know and understand what it takes to attract and keep professional Sommeliers. Since 2012 our goal at \u201cInternational Premium Sommelier job portal\u201d \u2013 is simple: Connect the right person with the [&hellip;]","og_url":"https:\/\/www.sommelier-jobs.com\/fr\/about\/","og_site_name":"International Premium Niche Sommelier Job Portal","article_publisher":"https:\/\/www.facebook.com\/Sommelierjobs","article_modified_time":"2023-04-12T15:36:43+00:00","twitter_card":"summary_large_image","twitter_site":"@DominikKoz73050","twitter_misc":{"Dur\u00e9e de lecture estim\u00e9e":"2 minutes"},"schema":{"@context":"https:\/\/schema.org","@graph":[{"@type":"WebPage","@id":"https:\/\/www.sommelier-jobs.com\/about\/","url":"https:\/\/www.sommelier-jobs.com\/about\/","name":"ABOUT US & OUR APPROACH - International Premium Niche Sommelier Job Portal","isPartOf":{"@id":"https:\/\/www.sommelier-jobs.com\/de\/#website"},"datePublished":"2018-01-23T19:44:02+00:00","dateModified":"2023-04-12T15:36:43+00:00","breadcrumb":{"@id":"https:\/\/www.sommelier-jobs.com\/about\/#breadcrumb"},"inLanguage":"fr-FR","potentialAction":[{"@type":"ReadAction","target":["https:\/\/www.sommelier-jobs.com\/about\/"]}]},{"@type":"BreadcrumbList","@id":"https:\/\/www.sommelier-jobs.com\/about\/#breadcrumb","itemListElement":[{"@type":"ListItem","position":1,"name":"Home","item":"https:\/\/www.sommelier-jobs.com\/"},{"@type":"ListItem","position":2,"name":"ABOUT US &#038; OUR APPROACH"}]},{"@type":"WebSite","@id":"https:\/\/www.sommelier-jobs.com\/de\/#website","url":"https:\/\/www.sommelier-jobs.com\/de\/","name":"International Premium Niche Sommelier Job Portal","description":"Sommelier Jobs Worldwide","publisher":{"@id":"https:\/\/www.sommelier-jobs.com\/de\/#organization"},"potentialAction":[{"@type":"SearchAction","target":{"@type":"EntryPoint","urlTemplate":"https:\/\/www.sommelier-jobs.com\/de\/?s={search_term_string}"},"query-input":{"@type":"PropertyValueSpecification","valueRequired":true,"valueName":"search_term_string"}}],"inLanguage":"fr-FR"},{"@type":"Organization","@id":"https:\/\/www.sommelier-jobs.com\/de\/#organization","name":"Zeitgeist Premium Sommelier Job Portal","url":"https:\/\/www.sommelier-jobs.com\/de\/","logo":{"@type":"ImageObject","inLanguage":"fr-FR","@id":"https:\/\/www.sommelier-jobs.com\/de\/#\/schema\/logo\/image\/","url":"https:\/\/www.sommelier-jobs.com\/wp-content\/uploads\/2023\/03\/ICON.png","contentUrl":"https:\/\/www.sommelier-jobs.com\/wp-content\/uploads\/2023\/03\/ICON.png","width":192,"height":192,"caption":"Zeitgeist Premium Sommelier Job Portal"},"image":{"@id":"https:\/\/www.sommelier-jobs.com\/de\/#\/schema\/logo\/image\/"},"sameAs":["https:\/\/www.facebook.com\/Sommelierjobs","https:\/\/x.com\/DominikKoz73050"]}]}},"publishpress_future_action":{"enabled":false,"date":"2026-04-23 01:38:08","action":"change-status","newStatus":"draft","terms":[],"taxonomy":"","extraData":[]},"publishpress_future_workflow_manual_trigger":{"enabledWorkflows":[]},"_links":{"self":[{"href":"https:\/\/www.sommelier-jobs.com\/fr\/wp-json\/wp\/v2\/pages\/13","targetHints":{"allow":["GET"]}}],"collection":[{"href":"https:\/\/www.sommelier-jobs.com\/fr\/wp-json\/wp\/v2\/pages"}],"about":[{"href":"https:\/\/www.sommelier-jobs.com\/fr\/wp-json\/wp\/v2\/types\/page"}],"author":[{"embeddable":true,"href":"https:\/\/www.sommelier-jobs.com\/fr\/wp-json\/wp\/v2\/users\/4"}],"replies":[{"embeddable":true,"href":"https:\/\/www.sommelier-jobs.com\/fr\/wp-json\/wp\/v2\/comments?post=13"}],"version-history":[{"count":0,"href":"https:\/\/www.sommelier-jobs.com\/fr\/wp-json\/wp\/v2\/pages\/13\/revisions"}],"wp:attachment":[{"href":"https:\/\/www.sommelier-jobs.com\/fr\/wp-json\/wp\/v2\/media?parent=13"}],"curies":[{"name":"wp","href":"https:\/\/api.w.org\/{rel}","templated":true}]}}