{"id":9,"date":"2018-01-23T19:43:40","date_gmt":"2018-01-23T19:43:40","guid":{"rendered":"http:\/\/www.apptimal.at\/sommeliers\/?page_id=9"},"modified":"2023-01-20T10:40:57","modified_gmt":"2023-01-20T09:40:57","slug":"post-a-job","status":"publish","type":"page","link":"https:\/\/www.sommelier-jobs.com\/fr\/post-a-job\/","title":{"rendered":"PUBLIER UN EMPLOI"},"content":{"rendered":"<div class=\"woocommerce columns-4\"><ul class=\"products columns-4\">\n<li class=\"product type-product post-9998 status-publish first instock product_cat-uncategorised has-post-thumbnail virtual sold-individually purchasable product-type-simple\">\n\t<a href=\"https:\/\/www.sommelier-jobs.com\/fr\/produit\/mini\/\" class=\"woocommerce-LoopProduct-link woocommerce-loop-product__link\"><img decoding=\"async\" width=\"300\" height=\"300\" src=\"https:\/\/www.sommelier-jobs.com\/wp-content\/uploads\/2019\/04\/mini-300x300.jpg\" class=\"attachment-woocommerce_thumbnail size-woocommerce_thumbnail\" alt=\"\u269c Mini (Starter Plan)\" srcset=\"https:\/\/www.sommelier-jobs.com\/wp-content\/uploads\/2019\/04\/mini-300x300.jpg 300w, https:\/\/www.sommelier-jobs.com\/wp-content\/uploads\/2019\/04\/mini-150x150.jpg 150w, https:\/\/www.sommelier-jobs.com\/wp-content\/uploads\/2019\/04\/mini-600x600.jpg 600w, https:\/\/www.sommelier-jobs.com\/wp-content\/uploads\/2019\/04\/mini-100x100.jpg 100w, https:\/\/www.sommelier-jobs.com\/wp-content\/uploads\/2019\/04\/mini.jpg 640w\" sizes=\"(max-width: 300px) 100vw, 300px\" \/><h2 class=\"woocommerce-loop-product__title\">\u269c Mini (Plan D\u00e9butant)<\/h2><\/a>\n\t<span class=\"price\"><span class=\"woocommerce-Price-amount amount\"><bdi><span class=\"woocommerce-Price-currencySymbol\">&euro;<\/span>&nbsp;285,00<\/bdi><\/span>\n\t\t<div class=\"wgm-info woocommerce-de_price_taxrate\">\n\t\t\t\t<span class=\"wgm-kleinunternehmerregelung\">TVA exon\u00e9r\u00e9e selon l'\u00d6 UStG \u00a76 (1 Zif. 27)<\/span>\n\n\t\t\t\t<\/div>\n\t\t<\/span>\n<p style=\"text-align: left;\" align=\"center\"><strong><span style=\"font-size: medium; color: #ff0000;\">Pour un seul \u00e9tablissement permanent \u00e0 un emplacement, couvrant jusqu\u2019\u00e0 deux postes li\u00e9s au m\u00e9tier de sommelier. <\/span><\/strong><\/p>\r\n<ul>\r\n \t<li><strong><span style=\"color: #333333;\">\u269c\u00a0 <span style=\"color: #000000;\">Annonce d\u2019emploi de 6 semaines<\/span><\/span><\/strong><\/li>\r\n \t<li><strong><span style=\"color: #000000;\">\u269c Placement garanti en haut de page et visibilit\u00e9 mise en avant<\/span><\/strong><\/li>\r\n \t<li><strong><span style=\"color: #000000;\">\u269c Republ\u00e9 tous les 7 jours pour une visibilit\u00e9 continue<\/span><\/strong><\/li>\r\n \t<li><strong><span style=\"color: #000000;\">\u269c Port\u00e9e cibl\u00e9e vers des candidat\u00b7e\u00b7s inscrit\u00b7e\u00b7s dans la niche sommelier et h\u00f4tellerie\u2011restauration<\/span><\/strong><\/li>\r\n \t<li><strong><span style=\"color: #000000;\">\u269c Promotion r\u00e9guli\u00e8re sur les r\u00e9seaux sociaux<\/span><\/strong><\/li>\r\n \t<li><strong><span style=\"color: #000000;\">\u269c Promotion r\u00e9guli\u00e8re sur les r\u00e9seaux sociaux<\/span><\/strong><\/li>\r\n \t<li><strong><span style=\"color: #000000;\">\u269c Augmentez votre visibilit\u00e9 et g\u00e9n\u00e9rez du trafic vers le site web de votre entreprise<\/span><\/strong><\/li>\r\n \t<li><strong><span style=\"color: #000000;\">\u269c Am\u00e9lioration des performances de vos annonces sur les moteurs de recherche<\/span><\/strong><\/li>\r\n \t<li><strong><span style=\"color: #000000;\">\u269c Alertes emploi envoy\u00e9es chaque semaine aux candidat\u00b7e\u00b7s pertinents<\/span><\/strong><\/li>\r\n \t<li><strong><span style=\"color: #000000;\">\u269c Nombre de caract\u00e8res illimit\u00e9 pour la description de votre offre d\u2019emploi<\/span><\/strong><\/li>\r\n \t<li style=\"list-style-type: none;\"><\/li>\r\n<\/ul><a href=\"\/fr\/wp-json\/wp\/v2\/pages\/9?add-to-cart=9998\" aria-describedby=\"woocommerce_loop_add_to_cart_link_describedby_9998\" data-quantity=\"1\" class=\"button wp-element-button product_type_simple add_to_cart_button ajax_add_to_cart\" data-product_id=\"9998\" data-product_sku=\"\" aria-label=\"Commandez maintenant\" rel=\"nofollow\" data-success_message=\"\u00ab\u00a0\u269c Mini (Starter Plan)\u00a0\u00bb a \u00e9t\u00e9 ajout\u00e9 \u00e0 votre panier\" data-no-translation=\"\" data-trp-gettext=\"\" data-no-translation-aria-label=\"\" data-no-translation-data-success_message=\"\">Order now<\/a>\t<span id=\"woocommerce_loop_add_to_cart_link_describedby_9998\" class=\"screen-reader-text\">\n\t\t\t<\/span>\n<\/li>\n<li class=\"product type-product post-7503 status-publish instock product_cat-uncategorised has-post-thumbnail virtual sold-individually purchasable product-type-simple\">\n\t<a href=\"https:\/\/www.sommelier-jobs.com\/fr\/produit\/standard\/\" class=\"woocommerce-LoopProduct-link woocommerce-loop-product__link\"><img decoding=\"async\" width=\"300\" height=\"300\" src=\"https:\/\/www.sommelier-jobs.com\/wp-content\/uploads\/2019\/08\/standard-300x300.jpg\" class=\"attachment-woocommerce_thumbnail size-woocommerce_thumbnail\" alt=\"Standard\" srcset=\"https:\/\/www.sommelier-jobs.com\/wp-content\/uploads\/2019\/08\/standard-300x300.jpg 300w, https:\/\/www.sommelier-jobs.com\/wp-content\/uploads\/2019\/08\/standard-150x150.jpg 150w, https:\/\/www.sommelier-jobs.com\/wp-content\/uploads\/2019\/08\/standard-600x600.jpg 600w, https:\/\/www.sommelier-jobs.com\/wp-content\/uploads\/2019\/08\/standard-100x100.jpg 100w, https:\/\/www.sommelier-jobs.com\/wp-content\/uploads\/2019\/08\/standard.jpg 640w\" sizes=\"(max-width: 300px) 100vw, 300px\" \/><h2 class=\"woocommerce-loop-product__title\">\u269c Standard (Le Plus Populaire)<\/h2><\/a>\n\t<span class=\"price\"><span class=\"woocommerce-Price-amount amount\"><bdi><span class=\"woocommerce-Price-currencySymbol\">&euro;<\/span>&nbsp;385,00<\/bdi><\/span>\n\t\t<div class=\"wgm-info woocommerce-de_price_taxrate\">\n\t\t\t\t<span class=\"wgm-kleinunternehmerregelung\">TVA exon\u00e9r\u00e9e selon l'\u00d6 UStG \u00a76 (1 Zif. 27)<\/span>\n\n\t\t\t\t<\/div>\n\t\t<\/span>\n<p style=\"text-align: left;\" align=\"center\"><span style=\"color: #ff0000;\"><strong><span style=\"font-size: medium;\">Pour un seul \u00e9tablissement permanent \u00e0 un emplacement, couvrant jusqu\u2019\u00e0 deux postes li\u00e9s au m\u00e9tier de sommelier.<\/span><\/strong><\/span><\/p>\r\n\r\n<ul>\r\n \t<li><span style=\"color: #000000;\"><strong>\u269c Annonce d\u2019emploi de 12 semaines<\/strong><\/span><\/li>\r\n \t<li><span style=\"color: #000000;\"><strong><span style=\"color: #ff0000;\">\u269c<\/span> \u269c Fonctionnalit\u00e9s : Identiques aux services du plan Mini (Starter)<\/strong><\/span><\/li>\r\n<\/ul><a href=\"\/fr\/wp-json\/wp\/v2\/pages\/9?add-to-cart=7503\" aria-describedby=\"woocommerce_loop_add_to_cart_link_describedby_7503\" data-quantity=\"1\" class=\"button wp-element-button product_type_simple add_to_cart_button ajax_add_to_cart\" data-product_id=\"7503\" data-product_sku=\"\" aria-label=\"Commandez maintenant\" rel=\"nofollow\" data-success_message=\"\u00ab\u00a0\u269c Standard (Most popular)\u00a0\u00bb a \u00e9t\u00e9 ajout\u00e9 \u00e0 votre panier\" data-no-translation=\"\" data-trp-gettext=\"\" data-no-translation-aria-label=\"\" data-no-translation-data-success_message=\"\">Order now<\/a>\t<span id=\"woocommerce_loop_add_to_cart_link_describedby_7503\" class=\"screen-reader-text\">\n\t\t\t<\/span>\n<\/li>\n<li class=\"product type-product post-7504 status-publish instock product_cat-uncategorised has-post-thumbnail virtual sold-individually purchasable product-type-simple\">\n\t<a href=\"https:\/\/www.sommelier-jobs.com\/fr\/produit\/premium\/\" class=\"woocommerce-LoopProduct-link woocommerce-loop-product__link\"><img decoding=\"async\" width=\"300\" height=\"300\" src=\"https:\/\/www.sommelier-jobs.com\/wp-content\/uploads\/2019\/08\/premium-300x300.jpg\" class=\"attachment-woocommerce_thumbnail size-woocommerce_thumbnail\" alt=\"Premium\" srcset=\"https:\/\/www.sommelier-jobs.com\/wp-content\/uploads\/2019\/08\/premium-300x300.jpg 300w, https:\/\/www.sommelier-jobs.com\/wp-content\/uploads\/2019\/08\/premium-150x150.jpg 150w, https:\/\/www.sommelier-jobs.com\/wp-content\/uploads\/2019\/08\/premium-600x600.jpg 600w, https:\/\/www.sommelier-jobs.com\/wp-content\/uploads\/2019\/08\/premium-100x100.jpg 100w, https:\/\/www.sommelier-jobs.com\/wp-content\/uploads\/2019\/08\/premium.jpg 640w\" sizes=\"(max-width: 300px) 100vw, 300px\" \/><h2 class=\"woocommerce-loop-product__title\">\u269c Premium<\/h2><\/a>\n\t<span class=\"price\"><span class=\"woocommerce-Price-amount amount\"><bdi><span class=\"woocommerce-Price-currencySymbol\">&euro;<\/span>&nbsp;545,00<\/bdi><\/span>\n\t\t<div class=\"wgm-info woocommerce-de_price_taxrate\">\n\t\t\t\t<span class=\"wgm-kleinunternehmerregelung\">TVA exon\u00e9r\u00e9e selon l'\u00d6 UStG \u00a76 (1 Zif. 27)<\/span>\n\n\t\t\t\t<\/div>\n\t\t<\/span>\n<p style=\"text-align: left;\" align=\"center\"><strong><span style=\"font-size: medium; color: #ff0000;\">Pour un seul \u00e9tablissement permanent \u00e0 un emplacement, couvrant jusqu\u2019\u00e0 deux postes li\u00e9s au m\u00e9tier de sommelier. <\/span><\/strong><\/p>\r\n\r\n<ul>\r\n \t<li><span style=\"color: #000000;\"><strong>\u269c Annonce d\u2019emploi de 16 semaines<\/strong><\/span><\/li>\r\n \t<li><span style=\"color: #000000;\"><strong><span style=\"color: #ff0000;\">\u269c <\/span>\u269c Fonctionnalit\u00e9s : Identiques aux services du plan Mini (Starter)<\/strong><\/span><\/li>\r\n \t<li><span style=\"color: #000000;\"><strong><span style=\"color: #ff0000;\">\u269c <\/span>\u269c Promotion sp\u00e9cialis\u00e9e pour maximiser la visibilit\u00e9 et attirer les sommeliers les plus pertinents<\/strong><\/span><\/li>\r\n<\/ul><a href=\"\/fr\/wp-json\/wp\/v2\/pages\/9?add-to-cart=7504\" aria-describedby=\"woocommerce_loop_add_to_cart_link_describedby_7504\" data-quantity=\"1\" class=\"button wp-element-button product_type_simple add_to_cart_button ajax_add_to_cart\" data-product_id=\"7504\" data-product_sku=\"\" aria-label=\"Commandez maintenant\" rel=\"nofollow\" data-success_message=\"\u00ab\u00a0\u269c Premium\u00a0\u00bb a \u00e9t\u00e9 ajout\u00e9 \u00e0 votre panier\" data-no-translation=\"\" data-trp-gettext=\"\" data-no-translation-aria-label=\"\" data-no-translation-data-success_message=\"\">Order now<\/a>\t<span id=\"woocommerce_loop_add_to_cart_link_describedby_7504\" class=\"screen-reader-text\">\n\t\t\t<\/span>\n<\/li>\n<\/ul>\n<\/div>","protected":false},"excerpt":{"rendered":"","protected":false},"author":4,"featured_media":0,"parent":0,"menu_order":0,"comment_status":"closed","ping_status":"closed","template":"page-templates\/page-full-width.php","meta":{"footnotes":""},"class_list":["post-9","page","type-page","status-publish","hentry"],"yoast_head":"<!-- This site is optimized with the Yoast SEO plugin v27.4 - https:\/\/yoast.com\/product\/yoast-seo-wordpress\/ -->\n<title>POST JOB - International Premium Niche Sommelier Job Portal<\/title>\n<meta name=\"robots\" content=\"index, follow, max-snippet:-1, max-image-preview:large, max-video-preview:-1\" \/>\n<link rel=\"canonical\" href=\"https:\/\/www.sommelier-jobs.com\/fr\/post-a-job\/\" \/>\n<meta property=\"og:locale\" content=\"fr_FR\" \/>\n<meta property=\"og:type\" content=\"article\" \/>\n<meta property=\"og:title\" content=\"POST JOB - International Premium Niche Sommelier Job Portal\" \/>\n<meta property=\"og:url\" content=\"https:\/\/www.sommelier-jobs.com\/fr\/post-a-job\/\" \/>\n<meta property=\"og:site_name\" content=\"International Premium Niche Sommelier Job Portal\" \/>\n<meta property=\"article:publisher\" content=\"https:\/\/www.facebook.com\/Sommelierjobs\" \/>\n<meta property=\"article:modified_time\" content=\"2023-01-20T09:40:57+00:00\" \/>\n<meta name=\"twitter:card\" content=\"summary_large_image\" \/>\n<meta name=\"twitter:site\" content=\"@DominikKoz73050\" \/>\n<meta name=\"twitter:label1\" content=\"Dur\u00e9e de lecture estim\u00e9e\" \/>\n\t<meta name=\"twitter:data1\" content=\"1 minute\" \/>\n<script type=\"application\/ld+json\" class=\"yoast-schema-graph\">{\"@context\":\"https:\\\/\\\/schema.org\",\"@graph\":[{\"@type\":\"WebPage\",\"@id\":\"https:\\\/\\\/www.sommelier-jobs.com\\\/post-a-job\\\/\",\"url\":\"https:\\\/\\\/www.sommelier-jobs.com\\\/post-a-job\\\/\",\"name\":\"POST JOB - International Premium Niche Sommelier Job Portal\",\"isPartOf\":{\"@id\":\"https:\\\/\\\/www.sommelier-jobs.com\\\/de\\\/#website\"},\"datePublished\":\"2018-01-23T19:43:40+00:00\",\"dateModified\":\"2023-01-20T09:40:57+00:00\",\"breadcrumb\":{\"@id\":\"https:\\\/\\\/www.sommelier-jobs.com\\\/post-a-job\\\/#breadcrumb\"},\"inLanguage\":\"fr-FR\",\"potentialAction\":[{\"@type\":\"ReadAction\",\"target\":[\"https:\\\/\\\/www.sommelier-jobs.com\\\/post-a-job\\\/\"]}]},{\"@type\":\"BreadcrumbList\",\"@id\":\"https:\\\/\\\/www.sommelier-jobs.com\\\/post-a-job\\\/#breadcrumb\",\"itemListElement\":[{\"@type\":\"ListItem\",\"position\":1,\"name\":\"Home\",\"item\":\"https:\\\/\\\/www.sommelier-jobs.com\\\/\"},{\"@type\":\"ListItem\",\"position\":2,\"name\":\"POST JOB\"}]},{\"@type\":\"WebSite\",\"@id\":\"https:\\\/\\\/www.sommelier-jobs.com\\\/de\\\/#website\",\"url\":\"https:\\\/\\\/www.sommelier-jobs.com\\\/de\\\/\",\"name\":\"International Premium Niche Sommelier Job Portal\",\"description\":\"Sommelier Jobs Worldwide\",\"publisher\":{\"@id\":\"https:\\\/\\\/www.sommelier-jobs.com\\\/de\\\/#organization\"},\"potentialAction\":[{\"@type\":\"SearchAction\",\"target\":{\"@type\":\"EntryPoint\",\"urlTemplate\":\"https:\\\/\\\/www.sommelier-jobs.com\\\/de\\\/?s={search_term_string}\"},\"query-input\":{\"@type\":\"PropertyValueSpecification\",\"valueRequired\":true,\"valueName\":\"search_term_string\"}}],\"inLanguage\":\"fr-FR\"},{\"@type\":\"Organization\",\"@id\":\"https:\\\/\\\/www.sommelier-jobs.com\\\/de\\\/#organization\",\"name\":\"Zeitgeist Premium Sommelier Job Portal\",\"url\":\"https:\\\/\\\/www.sommelier-jobs.com\\\/de\\\/\",\"logo\":{\"@type\":\"ImageObject\",\"inLanguage\":\"fr-FR\",\"@id\":\"https:\\\/\\\/www.sommelier-jobs.com\\\/de\\\/#\\\/schema\\\/logo\\\/image\\\/\",\"url\":\"https:\\\/\\\/www.sommelier-jobs.com\\\/wp-content\\\/uploads\\\/2023\\\/03\\\/ICON.png\",\"contentUrl\":\"https:\\\/\\\/www.sommelier-jobs.com\\\/wp-content\\\/uploads\\\/2023\\\/03\\\/ICON.png\",\"width\":192,\"height\":192,\"caption\":\"Zeitgeist Premium Sommelier Job Portal\"},\"image\":{\"@id\":\"https:\\\/\\\/www.sommelier-jobs.com\\\/de\\\/#\\\/schema\\\/logo\\\/image\\\/\"},\"sameAs\":[\"https:\\\/\\\/www.facebook.com\\\/Sommelierjobs\",\"https:\\\/\\\/x.com\\\/DominikKoz73050\"]}]}<\/script>\n<!-- \/ Yoast SEO plugin. -->","yoast_head_json":{"title":"POST JOB - International Premium Niche Sommelier Job Portal","robots":{"index":"index","follow":"follow","max-snippet":"max-snippet:-1","max-image-preview":"max-image-preview:large","max-video-preview":"max-video-preview:-1"},"canonical":"https:\/\/www.sommelier-jobs.com\/fr\/post-a-job\/","og_locale":"fr_FR","og_type":"article","og_title":"POST JOB - International Premium Niche Sommelier Job Portal","og_url":"https:\/\/www.sommelier-jobs.com\/fr\/post-a-job\/","og_site_name":"International Premium Niche Sommelier Job Portal","article_publisher":"https:\/\/www.facebook.com\/Sommelierjobs","article_modified_time":"2023-01-20T09:40:57+00:00","twitter_card":"summary_large_image","twitter_site":"@DominikKoz73050","twitter_misc":{"Dur\u00e9e de lecture estim\u00e9e":"1 minute"},"schema":{"@context":"https:\/\/schema.org","@graph":[{"@type":"WebPage","@id":"https:\/\/www.sommelier-jobs.com\/post-a-job\/","url":"https:\/\/www.sommelier-jobs.com\/post-a-job\/","name":"POST JOB - International Premium Niche Sommelier Job Portal","isPartOf":{"@id":"https:\/\/www.sommelier-jobs.com\/de\/#website"},"datePublished":"2018-01-23T19:43:40+00:00","dateModified":"2023-01-20T09:40:57+00:00","breadcrumb":{"@id":"https:\/\/www.sommelier-jobs.com\/post-a-job\/#breadcrumb"},"inLanguage":"fr-FR","potentialAction":[{"@type":"ReadAction","target":["https:\/\/www.sommelier-jobs.com\/post-a-job\/"]}]},{"@type":"BreadcrumbList","@id":"https:\/\/www.sommelier-jobs.com\/post-a-job\/#breadcrumb","itemListElement":[{"@type":"ListItem","position":1,"name":"Home","item":"https:\/\/www.sommelier-jobs.com\/"},{"@type":"ListItem","position":2,"name":"POST JOB"}]},{"@type":"WebSite","@id":"https:\/\/www.sommelier-jobs.com\/de\/#website","url":"https:\/\/www.sommelier-jobs.com\/de\/","name":"International Premium Niche Sommelier Job Portal","description":"Sommelier Jobs Worldwide","publisher":{"@id":"https:\/\/www.sommelier-jobs.com\/de\/#organization"},"potentialAction":[{"@type":"SearchAction","target":{"@type":"EntryPoint","urlTemplate":"https:\/\/www.sommelier-jobs.com\/de\/?s={search_term_string}"},"query-input":{"@type":"PropertyValueSpecification","valueRequired":true,"valueName":"search_term_string"}}],"inLanguage":"fr-FR"},{"@type":"Organization","@id":"https:\/\/www.sommelier-jobs.com\/de\/#organization","name":"Zeitgeist Premium Sommelier Job Portal","url":"https:\/\/www.sommelier-jobs.com\/de\/","logo":{"@type":"ImageObject","inLanguage":"fr-FR","@id":"https:\/\/www.sommelier-jobs.com\/de\/#\/schema\/logo\/image\/","url":"https:\/\/www.sommelier-jobs.com\/wp-content\/uploads\/2023\/03\/ICON.png","contentUrl":"https:\/\/www.sommelier-jobs.com\/wp-content\/uploads\/2023\/03\/ICON.png","width":192,"height":192,"caption":"Zeitgeist Premium Sommelier Job Portal"},"image":{"@id":"https:\/\/www.sommelier-jobs.com\/de\/#\/schema\/logo\/image\/"},"sameAs":["https:\/\/www.facebook.com\/Sommelierjobs","https:\/\/x.com\/DominikKoz73050"]}]}},"publishpress_future_action":{"enabled":false,"date":"2026-04-29 13:31:07","action":"change-status","newStatus":"draft","terms":[],"taxonomy":"","extraData":[]},"publishpress_future_workflow_manual_trigger":{"enabledWorkflows":[]},"_links":{"self":[{"href":"https:\/\/www.sommelier-jobs.com\/fr\/wp-json\/wp\/v2\/pages\/9","targetHints":{"allow":["GET"]}}],"collection":[{"href":"https:\/\/www.sommelier-jobs.com\/fr\/wp-json\/wp\/v2\/pages"}],"about":[{"href":"https:\/\/www.sommelier-jobs.com\/fr\/wp-json\/wp\/v2\/types\/page"}],"author":[{"embeddable":true,"href":"https:\/\/www.sommelier-jobs.com\/fr\/wp-json\/wp\/v2\/users\/4"}],"replies":[{"embeddable":true,"href":"https:\/\/www.sommelier-jobs.com\/fr\/wp-json\/wp\/v2\/comments?post=9"}],"version-history":[{"count":0,"href":"https:\/\/www.sommelier-jobs.com\/fr\/wp-json\/wp\/v2\/pages\/9\/revisions"}],"wp:attachment":[{"href":"https:\/\/www.sommelier-jobs.com\/fr\/wp-json\/wp\/v2\/media?parent=9"}],"curies":[{"name":"wp","href":"https:\/\/api.w.org\/{rel}","templated":true}]}}