{"id":9998,"date":"2019-04-08T16:06:10","date_gmt":"2019-04-08T14:06:10","guid":{"rendered":"https:\/\/www.sommelier-jobs.com\/?post_type=product&#038;p=9998"},"modified":"2025-10-05T15:39:13","modified_gmt":"2025-10-05T13:39:13","slug":"mini","status":"publish","type":"product","link":"https:\/\/www.sommelier-jobs.com\/fr\/produit\/mini\/","title":{"rendered":"\u269c Mini (Plan D\u00e9butant)"},"content":{"rendered":"<p style=\"text-align: left;\" align=\"center\"><strong><span>Pour un seul \u00e9tablissement permanent \u00e0 un emplacement, couvrant jusqu\u2019\u00e0 deux postes li\u00e9s au m\u00e9tier de sommelier. <\/span><\/strong><\/p>\n<ul>\n<li><strong><span>\u269c<span><span><strong>\u00a0 \u00a0 \u00a0<span>6-weeks<\/span><\/strong>\u00a0job advertisement<\/span><\/span><\/span><\/strong><\/li>\n<li class=\"translation-block\"><strong><span style=\"color: #ff0000\">\u269c <\/span><span style=\"color: #000000\">Visibilit\u00e9 constante sur les r\u00e9seaux sociaux pour accro\u00eetre votre port\u00e9e<\/span><\/strong><\/li>\n<li class=\"translation-block\"><strong><span style=\"color: #ff0000\">\u269c <\/span><span style=\"color: #000000\">Placement syst\u00e9matique garanti en t\u00eate de notre plateforme<\/span><\/strong><\/li>\n<li class=\"translation-block\"><strong><span style=\"color: #ff0000\">\u269c <\/span><span style=\"color: #000000\">Nombre illimit\u00e9 de caract\u00e8res<\/span><\/strong><\/li>\n<li class=\"translation-block\"><strong><span style=\"color: #ff0000\">\u269c <\/span><span style=\"color: #000000\">Alertes emploi pour les candidats potentiels<\/span><\/strong><\/li>\n<li class=\"translation-block\"><strong><span style=\"color: #ff0000\">\u269c<span style=\"color: #000000\"> <\/span><\/span><span style=\"color: #000000\">Promotion via les r\u00e9seaux sociaux<\/span><\/strong><\/li>\n<li class=\"translation-block\"><strong><span style=\"color: #ff0000\">\u269c <\/span><span style=\"color: #000000\">Offres d'emploi sponsoris\u00e9es par mots-cl\u00e9s<\/span><\/strong><\/li>\n<li class=\"translation-block\"><strong><span style=\"color: #ff0000\">\u269c <\/span><span style=\"color: #000000\">Inclusion d'un lien vers le site web<\/span><\/strong><\/li>\n<li class=\"translation-block\"><strong><span style=\"color: #ff0000\">\u269c <\/span><span style=\"color: #000000\">Am\u00e9lioration des performances des annonces<\/span><\/strong><\/li>\n<\/ul>","protected":false},"excerpt":{"rendered":"<p style=\"text-align: left;\" align=\"center\"><strong><span style=\"font-size: medium; color: #ff0000;\">Pour un seul \u00e9tablissement permanent \u00e0 un emplacement, couvrant jusqu\u2019\u00e0 deux postes li\u00e9s au m\u00e9tier de sommelier. <\/span><\/strong><\/p>\n<ul>\n<li><strong><span style=\"color: #333333;\">\u269c\u00a0 <span style=\"color: #000000;\">Annonce d\u2019emploi de 6 semaines<\/span><\/span><\/strong><\/li>\n<li><strong><span style=\"color: #000000;\">\u269c Placement garanti en haut de page et visibilit\u00e9 mise en avant<\/span><\/strong><\/li>\n<li><strong><span style=\"color: #000000;\">\u269c Republ\u00e9 tous les 7 jours pour une visibilit\u00e9 continue<\/span><\/strong><\/li>\n<li><strong><span style=\"color: #000000;\">\u269c Port\u00e9e cibl\u00e9e vers des candidat\u00b7e\u00b7s inscrit\u00b7e\u00b7s dans la niche sommelier et h\u00f4tellerie\u2011restauration<\/span><\/strong><\/li>\n<li><strong><span style=\"color: #000000;\">\u269c Promotion r\u00e9guli\u00e8re sur les r\u00e9seaux sociaux<\/span><\/strong><\/li>\n<li><strong><span style=\"color: #000000;\">\u269c Promotion r\u00e9guli\u00e8re sur les r\u00e9seaux sociaux<\/span><\/strong><\/li>\n<li><strong><span style=\"color: #000000;\">\u269c Augmentez votre visibilit\u00e9 et g\u00e9n\u00e9rez du trafic vers le site web de votre entreprise<\/span><\/strong><\/li>\n<li><strong><span style=\"color: #000000;\">\u269c Am\u00e9lioration des performances de vos annonces sur les moteurs de recherche<\/span><\/strong><\/li>\n<li><strong><span style=\"color: #000000;\">\u269c Alertes emploi envoy\u00e9es chaque semaine aux candidat\u00b7e\u00b7s pertinents<\/span><\/strong><\/li>\n<li><strong><span style=\"color: #000000;\">\u269c Nombre de caract\u00e8res illimit\u00e9 pour la description de votre offre d\u2019emploi<\/span><\/strong><\/li>\n<li style=\"list-style-type: none;\"><\/li>\n<\/ul>","protected":false},"featured_media":44548,"template":"","meta":[],"product_brand":[],"product_cat":[287],"product_tag":[],"class_list":{"0":"post-9998","1":"product","2":"type-product","3":"status-publish","4":"has-post-thumbnail","6":"product_cat-uncategorised","8":"first","9":"instock","10":"virtual","11":"sold-individually","12":"purchasable","13":"product-type-simple"},"yoast_head":"<!-- This site is optimized with the Yoast SEO plugin v27.3 - https:\/\/yoast.com\/product\/yoast-seo-wordpress\/ -->\n<title>\u269c Mini (Starter Plan) - International Premium Niche Sommelier Job Portal<\/title>\n<meta name=\"robots\" content=\"index, follow, max-snippet:-1, max-image-preview:large, max-video-preview:-1\" \/>\n<link rel=\"canonical\" href=\"https:\/\/www.sommelier-jobs.com\/fr\/produit\/mini\/\" \/>\n<meta property=\"og:locale\" content=\"fr_FR\" \/>\n<meta property=\"og:type\" content=\"article\" \/>\n<meta property=\"og:title\" content=\"\u269c Mini (Starter Plan) - International Premium Niche Sommelier Job Portal\" \/>\n<meta property=\"og:description\" content=\"FOR A SINGLE PERMANENT ESTABLISHMENT AT ONE LOCATION, COVERING UP TO TWO SOMMELIER-RELATED POSITIONS.    \u269c\u00a0 6 - WEEK\u00a0job advertisement  \u269c Guaranteed top-of-page placement and highlighted visibility  \u269c Reposted every 7 days for sustained exposure  \u269c Targeted reach to registered candidates within the Sommelier and hospitality niche  \u269c Consistent social media promotion  \u269c Keyword-sponsored job postings  \u269c Inclusion of your company website link  \u269c Performance boost for listings  \u269c Job alerts sent to potential candidates  \u269c Unlimited character limit for your job description\" \/>\n<meta property=\"og:url\" content=\"https:\/\/www.sommelier-jobs.com\/fr\/produit\/mini\/\" \/>\n<meta property=\"og:site_name\" content=\"International Premium Niche Sommelier Job Portal\" \/>\n<meta property=\"article:publisher\" content=\"https:\/\/www.facebook.com\/Sommelierjobs\" \/>\n<meta property=\"article:modified_time\" content=\"2025-10-05T13:39:13+00:00\" \/>\n<meta property=\"og:image\" content=\"https:\/\/www.sommelier-jobs.com\/wp-content\/uploads\/2019\/04\/mini.jpg\" \/>\n\t<meta property=\"og:image:width\" content=\"640\" \/>\n\t<meta property=\"og:image:height\" content=\"640\" \/>\n\t<meta property=\"og:image:type\" content=\"image\/jpeg\" \/>\n<meta name=\"twitter:card\" content=\"summary_large_image\" \/>\n<meta name=\"twitter:site\" content=\"@DominikKoz73050\" \/>\n<meta name=\"twitter:label1\" content=\"Dur\u00e9e de lecture estim\u00e9e\" \/>\n\t<meta name=\"twitter:data1\" content=\"1 minute\" \/>\n<script type=\"application\/ld+json\" class=\"yoast-schema-graph\">{\"@context\":\"https:\\\/\\\/schema.org\",\"@graph\":[{\"@type\":\"WebPage\",\"@id\":\"https:\\\/\\\/www.sommelier-jobs.com\\\/product\\\/mini\\\/\",\"url\":\"https:\\\/\\\/www.sommelier-jobs.com\\\/product\\\/mini\\\/\",\"name\":\"\u269c Mini (Starter Plan) - International Premium Niche Sommelier Job Portal\",\"isPartOf\":{\"@id\":\"https:\\\/\\\/www.sommelier-jobs.com\\\/de\\\/#website\"},\"primaryImageOfPage\":{\"@id\":\"https:\\\/\\\/www.sommelier-jobs.com\\\/product\\\/mini\\\/#primaryimage\"},\"image\":{\"@id\":\"https:\\\/\\\/www.sommelier-jobs.com\\\/product\\\/mini\\\/#primaryimage\"},\"thumbnailUrl\":\"https:\\\/\\\/www.sommelier-jobs.com\\\/wp-content\\\/uploads\\\/2019\\\/04\\\/mini.jpg\",\"datePublished\":\"2019-04-08T14:06:10+00:00\",\"dateModified\":\"2025-10-05T13:39:13+00:00\",\"breadcrumb\":{\"@id\":\"https:\\\/\\\/www.sommelier-jobs.com\\\/product\\\/mini\\\/#breadcrumb\"},\"inLanguage\":\"fr-FR\",\"potentialAction\":[{\"@type\":\"ReadAction\",\"target\":[\"https:\\\/\\\/www.sommelier-jobs.com\\\/product\\\/mini\\\/\"]}]},{\"@type\":\"ImageObject\",\"inLanguage\":\"fr-FR\",\"@id\":\"https:\\\/\\\/www.sommelier-jobs.com\\\/product\\\/mini\\\/#primaryimage\",\"url\":\"https:\\\/\\\/www.sommelier-jobs.com\\\/wp-content\\\/uploads\\\/2019\\\/04\\\/mini.jpg\",\"contentUrl\":\"https:\\\/\\\/www.sommelier-jobs.com\\\/wp-content\\\/uploads\\\/2019\\\/04\\\/mini.jpg\",\"width\":640,\"height\":640},{\"@type\":\"BreadcrumbList\",\"@id\":\"https:\\\/\\\/www.sommelier-jobs.com\\\/product\\\/mini\\\/#breadcrumb\",\"itemListElement\":[{\"@type\":\"ListItem\",\"position\":1,\"name\":\"Home\",\"item\":\"https:\\\/\\\/www.sommelier-jobs.com\\\/\"},{\"@type\":\"ListItem\",\"position\":2,\"name\":\"Shop\",\"item\":\"https:\\\/\\\/www.sommelier-jobs.com\\\/?page_id=7499\"},{\"@type\":\"ListItem\",\"position\":3,\"name\":\"\u269c Mini (Starter Plan)\"}]},{\"@type\":\"WebSite\",\"@id\":\"https:\\\/\\\/www.sommelier-jobs.com\\\/de\\\/#website\",\"url\":\"https:\\\/\\\/www.sommelier-jobs.com\\\/de\\\/\",\"name\":\"International Premium Niche Sommelier Job Portal\",\"description\":\"Sommelier Jobs Worldwide\",\"publisher\":{\"@id\":\"https:\\\/\\\/www.sommelier-jobs.com\\\/de\\\/#organization\"},\"potentialAction\":[{\"@type\":\"SearchAction\",\"target\":{\"@type\":\"EntryPoint\",\"urlTemplate\":\"https:\\\/\\\/www.sommelier-jobs.com\\\/de\\\/?s={search_term_string}\"},\"query-input\":{\"@type\":\"PropertyValueSpecification\",\"valueRequired\":true,\"valueName\":\"search_term_string\"}}],\"inLanguage\":\"fr-FR\"},{\"@type\":\"Organization\",\"@id\":\"https:\\\/\\\/www.sommelier-jobs.com\\\/de\\\/#organization\",\"name\":\"Zeitgeist Premium Sommelier Job Portal\",\"url\":\"https:\\\/\\\/www.sommelier-jobs.com\\\/de\\\/\",\"logo\":{\"@type\":\"ImageObject\",\"inLanguage\":\"fr-FR\",\"@id\":\"https:\\\/\\\/www.sommelier-jobs.com\\\/de\\\/#\\\/schema\\\/logo\\\/image\\\/\",\"url\":\"https:\\\/\\\/www.sommelier-jobs.com\\\/wp-content\\\/uploads\\\/2023\\\/03\\\/ICON.png\",\"contentUrl\":\"https:\\\/\\\/www.sommelier-jobs.com\\\/wp-content\\\/uploads\\\/2023\\\/03\\\/ICON.png\",\"width\":192,\"height\":192,\"caption\":\"Zeitgeist Premium Sommelier Job Portal\"},\"image\":{\"@id\":\"https:\\\/\\\/www.sommelier-jobs.com\\\/de\\\/#\\\/schema\\\/logo\\\/image\\\/\"},\"sameAs\":[\"https:\\\/\\\/www.facebook.com\\\/Sommelierjobs\",\"https:\\\/\\\/x.com\\\/DominikKoz73050\"]}]}<\/script>\n<!-- \/ Yoast SEO plugin. -->","yoast_head_json":{"title":"\u269c Mini (Starter Plan) - International Premium Niche Sommelier Job Portal","robots":{"index":"index","follow":"follow","max-snippet":"max-snippet:-1","max-image-preview":"max-image-preview:large","max-video-preview":"max-video-preview:-1"},"canonical":"https:\/\/www.sommelier-jobs.com\/fr\/produit\/mini\/","og_locale":"fr_FR","og_type":"article","og_title":"\u269c Mini (Starter Plan) - International Premium Niche Sommelier Job Portal","og_description":"FOR A SINGLE PERMANENT ESTABLISHMENT AT ONE LOCATION, COVERING UP TO TWO SOMMELIER-RELATED POSITIONS.    \u269c\u00a0 6 - WEEK\u00a0job advertisement  \u269c Guaranteed top-of-page placement and highlighted visibility  \u269c Reposted every 7 days for sustained exposure  \u269c Targeted reach to registered candidates within the Sommelier and hospitality niche  \u269c Consistent social media promotion  \u269c Keyword-sponsored job postings  \u269c Inclusion of your company website link  \u269c Performance boost for listings  \u269c Job alerts sent to potential candidates  \u269c Unlimited character limit for your job description","og_url":"https:\/\/www.sommelier-jobs.com\/fr\/produit\/mini\/","og_site_name":"International Premium Niche Sommelier Job Portal","article_publisher":"https:\/\/www.facebook.com\/Sommelierjobs","article_modified_time":"2025-10-05T13:39:13+00:00","og_image":[{"width":640,"height":640,"url":"https:\/\/www.sommelier-jobs.com\/wp-content\/uploads\/2019\/04\/mini.jpg","type":"image\/jpeg"}],"twitter_card":"summary_large_image","twitter_site":"@DominikKoz73050","twitter_misc":{"Dur\u00e9e de lecture estim\u00e9e":"1 minute"},"schema":{"@context":"https:\/\/schema.org","@graph":[{"@type":"WebPage","@id":"https:\/\/www.sommelier-jobs.com\/product\/mini\/","url":"https:\/\/www.sommelier-jobs.com\/product\/mini\/","name":"\u269c Mini (Starter Plan) - International Premium Niche Sommelier Job Portal","isPartOf":{"@id":"https:\/\/www.sommelier-jobs.com\/de\/#website"},"primaryImageOfPage":{"@id":"https:\/\/www.sommelier-jobs.com\/product\/mini\/#primaryimage"},"image":{"@id":"https:\/\/www.sommelier-jobs.com\/product\/mini\/#primaryimage"},"thumbnailUrl":"https:\/\/www.sommelier-jobs.com\/wp-content\/uploads\/2019\/04\/mini.jpg","datePublished":"2019-04-08T14:06:10+00:00","dateModified":"2025-10-05T13:39:13+00:00","breadcrumb":{"@id":"https:\/\/www.sommelier-jobs.com\/product\/mini\/#breadcrumb"},"inLanguage":"fr-FR","potentialAction":[{"@type":"ReadAction","target":["https:\/\/www.sommelier-jobs.com\/product\/mini\/"]}]},{"@type":"ImageObject","inLanguage":"fr-FR","@id":"https:\/\/www.sommelier-jobs.com\/product\/mini\/#primaryimage","url":"https:\/\/www.sommelier-jobs.com\/wp-content\/uploads\/2019\/04\/mini.jpg","contentUrl":"https:\/\/www.sommelier-jobs.com\/wp-content\/uploads\/2019\/04\/mini.jpg","width":640,"height":640},{"@type":"BreadcrumbList","@id":"https:\/\/www.sommelier-jobs.com\/product\/mini\/#breadcrumb","itemListElement":[{"@type":"ListItem","position":1,"name":"Home","item":"https:\/\/www.sommelier-jobs.com\/"},{"@type":"ListItem","position":2,"name":"Shop","item":"https:\/\/www.sommelier-jobs.com\/?page_id=7499"},{"@type":"ListItem","position":3,"name":"\u269c Mini (Starter Plan)"}]},{"@type":"WebSite","@id":"https:\/\/www.sommelier-jobs.com\/de\/#website","url":"https:\/\/www.sommelier-jobs.com\/de\/","name":"International Premium Niche Sommelier Job Portal","description":"Sommelier Jobs Worldwide","publisher":{"@id":"https:\/\/www.sommelier-jobs.com\/de\/#organization"},"potentialAction":[{"@type":"SearchAction","target":{"@type":"EntryPoint","urlTemplate":"https:\/\/www.sommelier-jobs.com\/de\/?s={search_term_string}"},"query-input":{"@type":"PropertyValueSpecification","valueRequired":true,"valueName":"search_term_string"}}],"inLanguage":"fr-FR"},{"@type":"Organization","@id":"https:\/\/www.sommelier-jobs.com\/de\/#organization","name":"Zeitgeist Premium Sommelier Job Portal","url":"https:\/\/www.sommelier-jobs.com\/de\/","logo":{"@type":"ImageObject","inLanguage":"fr-FR","@id":"https:\/\/www.sommelier-jobs.com\/de\/#\/schema\/logo\/image\/","url":"https:\/\/www.sommelier-jobs.com\/wp-content\/uploads\/2023\/03\/ICON.png","contentUrl":"https:\/\/www.sommelier-jobs.com\/wp-content\/uploads\/2023\/03\/ICON.png","width":192,"height":192,"caption":"Zeitgeist Premium Sommelier Job Portal"},"image":{"@id":"https:\/\/www.sommelier-jobs.com\/de\/#\/schema\/logo\/image\/"},"sameAs":["https:\/\/www.facebook.com\/Sommelierjobs","https:\/\/x.com\/DominikKoz73050"]}]}},"publishpress_future_workflow_manual_trigger":{"enabledWorkflows":[]},"_links":{"self":[{"href":"https:\/\/www.sommelier-jobs.com\/fr\/wp-json\/wp\/v2\/product\/9998","targetHints":{"allow":["GET"]}}],"collection":[{"href":"https:\/\/www.sommelier-jobs.com\/fr\/wp-json\/wp\/v2\/product"}],"about":[{"href":"https:\/\/www.sommelier-jobs.com\/fr\/wp-json\/wp\/v2\/types\/product"}],"wp:featuredmedia":[{"embeddable":true,"href":"https:\/\/www.sommelier-jobs.com\/fr\/wp-json\/wp\/v2\/media\/44548"}],"wp:attachment":[{"href":"https:\/\/www.sommelier-jobs.com\/fr\/wp-json\/wp\/v2\/media?parent=9998"}],"wp:term":[{"taxonomy":"product_brand","embeddable":true,"href":"https:\/\/www.sommelier-jobs.com\/fr\/wp-json\/wp\/v2\/product_brand?post=9998"},{"taxonomy":"product_cat","embeddable":true,"href":"https:\/\/www.sommelier-jobs.com\/fr\/wp-json\/wp\/v2\/product_cat?post=9998"},{"taxonomy":"product_tag","embeddable":true,"href":"https:\/\/www.sommelier-jobs.com\/fr\/wp-json\/wp\/v2\/product_tag?post=9998"}],"curies":[{"name":"wp","href":"https:\/\/api.w.org\/{rel}","templated":true}]}}