{"id":67169,"date":"2024-10-10T15:22:38","date_gmt":"2024-10-10T13:22:38","guid":{"rendered":"https:\/\/www.sommelier-jobs.com\/?page_id=67169"},"modified":"2024-10-10T15:22:41","modified_gmt":"2024-10-10T13:22:41","slug":"infographic-english-2","status":"publish","type":"page","link":"https:\/\/www.sommelier-jobs.com\/it\/infographic-english-2\/","title":{"rendered":"Infographik Deutsch"},"content":{"rendered":"<h2 class=\"wp-block-heading\" id=\"how-to\">Wie man einen Job postet<\/h2>\n\n\n\n<p><strong>Drei einfache Schritte, wie man einen Job auf Premium Sommelier Job Portal postet.<\/strong><\/p>\n\n\n\n<p>Einen Job auf der Premium Job Platform posten.<\/p>\n\n\n\n<ol class=\"wp-block-list\">\n<li><strong>Klicken Sie on \"JOB POSTEN\"<\/strong><br>Gehen Sie bitte auf www.Sommelier-jobs.com und klicken Sie auf \"JOB POSTEN\" oben rechts auf der Startseite.<\/li>\n\n\n\n<li><strong>Bitte w\u00e4hlen Sie das f\u00fcr Sie passende Anzeigenangebot aus.<br><\/strong>Vergleichen Sie die verschiedenen Anzeigenpakete. Sobald Sie ein passendes Paket ausgew\u00e4hlt haben, das den Anforderungen f\u00fcr Ihr Unternehmen entspricht, klicken Sie auf die entsprechende \u201cJETZT BESTELLEN\u201d Taste und fahren Sie mit der n\u00e4chsten Seite fort.<\/li>\n\n\n\n<li><strong>Bitte f\u00fcllen Sie das Formular mit allen relevanten Details aus und schlie\u00dfen Sie den Vorgang mit Ihrer gew\u00fcnschten Zahlungsmethode ab.<\/strong><br><br>Nachdem Sie Ihre Bestellung abgeschlossen haben, erhalten Sie eine Best\u00e4tigungs-E-Mail mit Ihrer Rechnung \u2013 sp\u00e4ter erhalten Sie eine detailliertere Rechnung per E-Mail zugesandt.\n<ol class=\"wp-block-list\">\n<li>Anschlie\u00dfend erstellen wir f\u00fcr Ihre pers\u00f6nliche Anzeige eine Unterseite und stellen diese online, jedoch erst nachdem wir Ihnen einen link f\u00fcr die Seite zugesandt haben und von Ihnen Ihre Zustimmung erhalten haben.<\/li>\n\n\n\n<li>Unser n\u00e4chster Schritt besteht darin, Ihre Anzeige \u00fcber unsere Netzwerke und Newsletter zu verbreiten und Sie immer wieder auf den ersten Pl\u00e4tzen oben auf der Plattform zu pr\u00e4sentieren.<\/li>\n<\/ol>\n<\/li>\n<\/ol>\n\n\n\n<figure class=\"wp-block-image size-large\"><img decoding=\"async\" src=\"https:\/\/www.sommelier-jobs.com\/wp-content\/uploads\/2023\/04\/Infographic-German-1007x1024.jpg\" alt=\"\" class=\"wp-image-49040\"\/><\/figure>","protected":false},"excerpt":{"rendered":"<p>Wie man einen Job postet Drei einfache Schritte, wie man einen Job auf Premium Sommelier Job Portal postet. Einen Job auf der Premium Job Platform posten.<\/p>","protected":false},"author":1382,"featured_media":0,"parent":0,"menu_order":0,"comment_status":"closed","ping_status":"closed","template":"","meta":{"footnotes":""},"class_list":["post-67169","page","type-page","status-publish","hentry"],"yoast_head":"<!-- This site is optimized with the Yoast SEO plugin v27.3 - https:\/\/yoast.com\/product\/yoast-seo-wordpress\/ -->\n<title>Infographik Deutsch - International Premium Niche Sommelier Job Portal<\/title>\n<meta name=\"robots\" content=\"index, follow, max-snippet:-1, max-image-preview:large, max-video-preview:-1\" \/>\n<link rel=\"canonical\" href=\"https:\/\/www.sommelier-jobs.com\/it\/infographic-english-2\/\" \/>\n<meta property=\"og:locale\" content=\"it_IT\" \/>\n<meta property=\"og:type\" content=\"article\" \/>\n<meta property=\"og:title\" content=\"Infographik Deutsch - International Premium Niche Sommelier Job Portal\" \/>\n<meta property=\"og:description\" content=\"Wie man einen Job postet Drei einfache Schritte, wie man einen Job auf Premium Sommelier Job Portal postet. Einen Job auf der Premium Job Platform posten.\" \/>\n<meta property=\"og:url\" content=\"https:\/\/www.sommelier-jobs.com\/it\/infographic-english-2\/\" \/>\n<meta property=\"og:site_name\" content=\"International Premium Niche Sommelier Job Portal\" \/>\n<meta property=\"article:publisher\" content=\"https:\/\/www.facebook.com\/Sommelierjobs\" \/>\n<meta property=\"article:modified_time\" content=\"2024-10-10T13:22:41+00:00\" \/>\n<meta name=\"twitter:card\" content=\"summary_large_image\" \/>\n<meta name=\"twitter:site\" content=\"@DominikKoz73050\" \/>\n<meta name=\"twitter:label1\" content=\"Tempo di lettura stimato\" \/>\n\t<meta name=\"twitter:data1\" content=\"2 minuti\" \/>\n<script type=\"application\/ld+json\" class=\"yoast-schema-graph\">{\"@context\":\"https:\\\/\\\/schema.org\",\"@graph\":[{\"@type\":\"WebPage\",\"@id\":\"https:\\\/\\\/www.sommelier-jobs.com\\\/infographic-english-2\\\/\",\"url\":\"https:\\\/\\\/www.sommelier-jobs.com\\\/infographic-english-2\\\/\",\"name\":\"Infographik Deutsch - International Premium Niche Sommelier Job Portal\",\"isPartOf\":{\"@id\":\"https:\\\/\\\/www.sommelier-jobs.com\\\/de\\\/#website\"},\"primaryImageOfPage\":{\"@id\":\"https:\\\/\\\/www.sommelier-jobs.com\\\/infographic-english-2\\\/#primaryimage\"},\"image\":{\"@id\":\"https:\\\/\\\/www.sommelier-jobs.com\\\/infographic-english-2\\\/#primaryimage\"},\"thumbnailUrl\":\"https:\\\/\\\/www.sommelier-jobs.com\\\/wp-content\\\/uploads\\\/2023\\\/04\\\/Infographic-German-1007x1024.jpg\",\"datePublished\":\"2024-10-10T13:22:38+00:00\",\"dateModified\":\"2024-10-10T13:22:41+00:00\",\"breadcrumb\":{\"@id\":\"https:\\\/\\\/www.sommelier-jobs.com\\\/infographic-english-2\\\/#breadcrumb\"},\"inLanguage\":\"it-IT\",\"potentialAction\":[{\"@type\":\"ReadAction\",\"target\":[\"https:\\\/\\\/www.sommelier-jobs.com\\\/infographic-english-2\\\/\"]}]},{\"@type\":\"ImageObject\",\"inLanguage\":\"it-IT\",\"@id\":\"https:\\\/\\\/www.sommelier-jobs.com\\\/infographic-english-2\\\/#primaryimage\",\"url\":\"https:\\\/\\\/www.sommelier-jobs.com\\\/wp-content\\\/uploads\\\/2023\\\/04\\\/Infographic-German-1007x1024.jpg\",\"contentUrl\":\"https:\\\/\\\/www.sommelier-jobs.com\\\/wp-content\\\/uploads\\\/2023\\\/04\\\/Infographic-German-1007x1024.jpg\"},{\"@type\":\"BreadcrumbList\",\"@id\":\"https:\\\/\\\/www.sommelier-jobs.com\\\/infographic-english-2\\\/#breadcrumb\",\"itemListElement\":[{\"@type\":\"ListItem\",\"position\":1,\"name\":\"Home\",\"item\":\"https:\\\/\\\/www.sommelier-jobs.com\\\/\"},{\"@type\":\"ListItem\",\"position\":2,\"name\":\"Infographik Deutsch\"}]},{\"@type\":\"WebSite\",\"@id\":\"https:\\\/\\\/www.sommelier-jobs.com\\\/de\\\/#website\",\"url\":\"https:\\\/\\\/www.sommelier-jobs.com\\\/de\\\/\",\"name\":\"International Premium Niche Sommelier Job Portal\",\"description\":\"Sommelier Jobs Worldwide\",\"publisher\":{\"@id\":\"https:\\\/\\\/www.sommelier-jobs.com\\\/de\\\/#organization\"},\"potentialAction\":[{\"@type\":\"SearchAction\",\"target\":{\"@type\":\"EntryPoint\",\"urlTemplate\":\"https:\\\/\\\/www.sommelier-jobs.com\\\/de\\\/?s={search_term_string}\"},\"query-input\":{\"@type\":\"PropertyValueSpecification\",\"valueRequired\":true,\"valueName\":\"search_term_string\"}}],\"inLanguage\":\"it-IT\"},{\"@type\":\"Organization\",\"@id\":\"https:\\\/\\\/www.sommelier-jobs.com\\\/de\\\/#organization\",\"name\":\"Zeitgeist Premium Sommelier Job Portal\",\"url\":\"https:\\\/\\\/www.sommelier-jobs.com\\\/de\\\/\",\"logo\":{\"@type\":\"ImageObject\",\"inLanguage\":\"it-IT\",\"@id\":\"https:\\\/\\\/www.sommelier-jobs.com\\\/de\\\/#\\\/schema\\\/logo\\\/image\\\/\",\"url\":\"https:\\\/\\\/www.sommelier-jobs.com\\\/wp-content\\\/uploads\\\/2023\\\/03\\\/ICON.png\",\"contentUrl\":\"https:\\\/\\\/www.sommelier-jobs.com\\\/wp-content\\\/uploads\\\/2023\\\/03\\\/ICON.png\",\"width\":192,\"height\":192,\"caption\":\"Zeitgeist Premium Sommelier Job Portal\"},\"image\":{\"@id\":\"https:\\\/\\\/www.sommelier-jobs.com\\\/de\\\/#\\\/schema\\\/logo\\\/image\\\/\"},\"sameAs\":[\"https:\\\/\\\/www.facebook.com\\\/Sommelierjobs\",\"https:\\\/\\\/x.com\\\/DominikKoz73050\"]}]}<\/script>\n<!-- \/ Yoast SEO plugin. -->","yoast_head_json":{"title":"Infographik Deutsch - International Premium Niche Sommelier Job Portal","robots":{"index":"index","follow":"follow","max-snippet":"max-snippet:-1","max-image-preview":"max-image-preview:large","max-video-preview":"max-video-preview:-1"},"canonical":"https:\/\/www.sommelier-jobs.com\/it\/infographic-english-2\/","og_locale":"it_IT","og_type":"article","og_title":"Infographik Deutsch - International Premium Niche Sommelier Job Portal","og_description":"Wie man einen Job postet Drei einfache Schritte, wie man einen Job auf Premium Sommelier Job Portal postet. Einen Job auf der Premium Job Platform posten.","og_url":"https:\/\/www.sommelier-jobs.com\/it\/infographic-english-2\/","og_site_name":"International Premium Niche Sommelier Job Portal","article_publisher":"https:\/\/www.facebook.com\/Sommelierjobs","article_modified_time":"2024-10-10T13:22:41+00:00","twitter_card":"summary_large_image","twitter_site":"@DominikKoz73050","twitter_misc":{"Tempo di lettura stimato":"2 minuti"},"schema":{"@context":"https:\/\/schema.org","@graph":[{"@type":"WebPage","@id":"https:\/\/www.sommelier-jobs.com\/infographic-english-2\/","url":"https:\/\/www.sommelier-jobs.com\/infographic-english-2\/","name":"Infographik Deutsch - International Premium Niche Sommelier Job Portal","isPartOf":{"@id":"https:\/\/www.sommelier-jobs.com\/de\/#website"},"primaryImageOfPage":{"@id":"https:\/\/www.sommelier-jobs.com\/infographic-english-2\/#primaryimage"},"image":{"@id":"https:\/\/www.sommelier-jobs.com\/infographic-english-2\/#primaryimage"},"thumbnailUrl":"https:\/\/www.sommelier-jobs.com\/wp-content\/uploads\/2023\/04\/Infographic-German-1007x1024.jpg","datePublished":"2024-10-10T13:22:38+00:00","dateModified":"2024-10-10T13:22:41+00:00","breadcrumb":{"@id":"https:\/\/www.sommelier-jobs.com\/infographic-english-2\/#breadcrumb"},"inLanguage":"it-IT","potentialAction":[{"@type":"ReadAction","target":["https:\/\/www.sommelier-jobs.com\/infographic-english-2\/"]}]},{"@type":"ImageObject","inLanguage":"it-IT","@id":"https:\/\/www.sommelier-jobs.com\/infographic-english-2\/#primaryimage","url":"https:\/\/www.sommelier-jobs.com\/wp-content\/uploads\/2023\/04\/Infographic-German-1007x1024.jpg","contentUrl":"https:\/\/www.sommelier-jobs.com\/wp-content\/uploads\/2023\/04\/Infographic-German-1007x1024.jpg"},{"@type":"BreadcrumbList","@id":"https:\/\/www.sommelier-jobs.com\/infographic-english-2\/#breadcrumb","itemListElement":[{"@type":"ListItem","position":1,"name":"Home","item":"https:\/\/www.sommelier-jobs.com\/"},{"@type":"ListItem","position":2,"name":"Infographik Deutsch"}]},{"@type":"WebSite","@id":"https:\/\/www.sommelier-jobs.com\/de\/#website","url":"https:\/\/www.sommelier-jobs.com\/de\/","name":"International Premium Niche Sommelier Job Portal","description":"Sommelier Jobs Worldwide","publisher":{"@id":"https:\/\/www.sommelier-jobs.com\/de\/#organization"},"potentialAction":[{"@type":"SearchAction","target":{"@type":"EntryPoint","urlTemplate":"https:\/\/www.sommelier-jobs.com\/de\/?s={search_term_string}"},"query-input":{"@type":"PropertyValueSpecification","valueRequired":true,"valueName":"search_term_string"}}],"inLanguage":"it-IT"},{"@type":"Organization","@id":"https:\/\/www.sommelier-jobs.com\/de\/#organization","name":"Zeitgeist Premium Sommelier Job Portal","url":"https:\/\/www.sommelier-jobs.com\/de\/","logo":{"@type":"ImageObject","inLanguage":"it-IT","@id":"https:\/\/www.sommelier-jobs.com\/de\/#\/schema\/logo\/image\/","url":"https:\/\/www.sommelier-jobs.com\/wp-content\/uploads\/2023\/03\/ICON.png","contentUrl":"https:\/\/www.sommelier-jobs.com\/wp-content\/uploads\/2023\/03\/ICON.png","width":192,"height":192,"caption":"Zeitgeist Premium Sommelier Job Portal"},"image":{"@id":"https:\/\/www.sommelier-jobs.com\/de\/#\/schema\/logo\/image\/"},"sameAs":["https:\/\/www.facebook.com\/Sommelierjobs","https:\/\/x.com\/DominikKoz73050"]}]}},"publishpress_future_action":{"enabled":false,"date":"2026-04-19 14:49:37","action":"change-status","newStatus":"draft","terms":[],"taxonomy":"","extraData":[]},"publishpress_future_workflow_manual_trigger":{"enabledWorkflows":[]},"_links":{"self":[{"href":"https:\/\/www.sommelier-jobs.com\/it\/wp-json\/wp\/v2\/pages\/67169","targetHints":{"allow":["GET"]}}],"collection":[{"href":"https:\/\/www.sommelier-jobs.com\/it\/wp-json\/wp\/v2\/pages"}],"about":[{"href":"https:\/\/www.sommelier-jobs.com\/it\/wp-json\/wp\/v2\/types\/page"}],"author":[{"embeddable":true,"href":"https:\/\/www.sommelier-jobs.com\/it\/wp-json\/wp\/v2\/users\/1382"}],"replies":[{"embeddable":true,"href":"https:\/\/www.sommelier-jobs.com\/it\/wp-json\/wp\/v2\/comments?post=67169"}],"version-history":[{"count":0,"href":"https:\/\/www.sommelier-jobs.com\/it\/wp-json\/wp\/v2\/pages\/67169\/revisions"}],"wp:attachment":[{"href":"https:\/\/www.sommelier-jobs.com\/it\/wp-json\/wp\/v2\/media?parent=67169"}],"curies":[{"name":"wp","href":"https:\/\/api.w.org\/{rel}","templated":true}]}}