{"id":67171,"date":"2024-10-10T15:24:54","date_gmt":"2024-10-10T13:24:54","guid":{"rendered":"https:\/\/www.sommelier-jobs.com\/?page_id=67171"},"modified":"2024-10-15T07:15:00","modified_gmt":"2024-10-15T05:15:00","slug":"infographic-english-3","status":"publish","type":"page","link":"https:\/\/www.sommelier-jobs.com\/it\/infographic-english-3\/","title":{"rendered":"Infopraphie French"},"content":{"rendered":"<h2 class=\"wp-block-heading\">Comment publier une offre d'emploi<\/h2>\n\n\n\n<p><strong>Trois \u00e9tapes simples pour publier une offre d'emploi sur notre plateforme d'emplois Premium Sommelier.<\/strong><\/p>\n\n\n\n<p><strong>Publier une offre d'emploi sur la plateforme d'emplois Premium Sommelier.<\/strong><\/p>\n\n\n\n<ol class=\"wp-block-list\">\n<li>Cliquez sur &quot;PUBLIER UNE OFFRE&quot;&lt;br&gt; Veuillez vous rendre sur <a href=\"https:\/\/www.sommelier-jobs.com\/it\/\" target=\"_blank\" rel=\"noreferrer noopener\">www.Sommelier-jobs.com<\/a> et cliquez sur \"PUBLIER UNE OFFRE\" en haut \u00e0 droite de la page d'accueil.<\/li>\n\n\n\n<li><strong>Veuillez choisir le forfait de publication d'offre d'emploi qui vous convient.<\/strong>&lt;br&gt; Parcourez les diff&eacute;rents forfaits de publication d&#039;offres d&#039;emploi. Une fois que vous avez choisi un forfait qui r&eacute;pond aux besoins de recrutement de votre entreprise, cliquez sur le bouton correspondant et passez &agrave; la page suivante.<\/li>\n\n\n\n<li>Veuillez remplir le formulaire avec tous les d\u00e9tails pertinents et payer avec votre mode de paiement pr\u00e9f\u00e9r\u00e9.<br><br> Une fois votre commande finalis\u00e9e, vous recevrez un e-mail de confirmation avec votre facture. Vous recevrez ensuite une facture plus d\u00e9taill\u00e9e par e-mail.\n<ul class=\"wp-block-list\">\n<li>Nous cr\u00e9ons maintenant une page compl\u00e8te et d\u00e9taill\u00e9e pour votre annonce. Une fois que vous l'aurez approuv\u00e9e, nous la publierons.<\/li>\n\n\n\n<li>L'\u00e9tape suivante consiste \u00e0 diffuser votre annonce sur nos r\u00e9seaux et \u00e0 la maintenir en t\u00eate de la plateforme.<\/li>\n<\/ul>\n<\/li>\n<\/ol>\n\n\n\n<figure class=\"wp-block-image size-large\"><img decoding=\"async\" width=\"1007\" height=\"1024\" src=\"https:\/\/www.sommelier-jobs.com\/wp-content\/uploads\/2024\/10\/Infographie-France-1007x1024.jpg\" alt=\"\" class=\"wp-image-67362\" srcset=\"https:\/\/www.sommelier-jobs.com\/wp-content\/uploads\/2024\/10\/Infographie-France-1007x1024.jpg 1007w, https:\/\/www.sommelier-jobs.com\/wp-content\/uploads\/2024\/10\/Infographie-France-295x300.jpg 295w, https:\/\/www.sommelier-jobs.com\/wp-content\/uploads\/2024\/10\/Infographie-France-768x781.jpg 768w, https:\/\/www.sommelier-jobs.com\/wp-content\/uploads\/2024\/10\/Infographie-France-1511x1536.jpg 1511w, https:\/\/www.sommelier-jobs.com\/wp-content\/uploads\/2024\/10\/Infographie-France-2015x2048.jpg 2015w, https:\/\/www.sommelier-jobs.com\/wp-content\/uploads\/2024\/10\/Infographie-France-12x12.jpg 12w, https:\/\/www.sommelier-jobs.com\/wp-content\/uploads\/2024\/10\/Infographie-France-1320x1342.jpg 1320w, https:\/\/www.sommelier-jobs.com\/wp-content\/uploads\/2024\/10\/Infographie-France-600x610.jpg 600w, https:\/\/www.sommelier-jobs.com\/wp-content\/uploads\/2024\/10\/Infographie-France-scaled.jpg 2519w\" sizes=\"(max-width: 1007px) 100vw, 1007px\" \/><\/figure>","protected":false},"excerpt":{"rendered":"<p>Comment publier une offre d'emploi Trois \u00e9tapes simples pour publier une offre d'emploi sur notre plateforme d'emplois Premium Sommelier. Publier une offre d'emploi sur la plateforme d'emplois Premium Sommelier.<\/p>","protected":false},"author":1382,"featured_media":0,"parent":0,"menu_order":0,"comment_status":"closed","ping_status":"closed","template":"","meta":{"footnotes":""},"class_list":["post-67171","page","type-page","status-publish","hentry"],"yoast_head":"<!-- This site is optimized with the Yoast SEO plugin v27.3 - https:\/\/yoast.com\/product\/yoast-seo-wordpress\/ -->\n<title>Infopraphie French - International Premium Niche Sommelier Job Portal<\/title>\n<meta name=\"robots\" content=\"index, follow, max-snippet:-1, max-image-preview:large, max-video-preview:-1\" \/>\n<link rel=\"canonical\" href=\"https:\/\/www.sommelier-jobs.com\/it\/infographic-english-3\/\" \/>\n<meta property=\"og:locale\" content=\"it_IT\" \/>\n<meta property=\"og:type\" content=\"article\" \/>\n<meta property=\"og:title\" content=\"Infopraphie French - International Premium Niche Sommelier Job Portal\" \/>\n<meta property=\"og:description\" content=\"Comment publier une offre d&#039;emploi Trois \u00e9tapes simples pour publier une offre d&#039;emploi sur notre plateforme d&#039;emplois Premium Sommelier. Publier une offre d&#039;emploi sur la plateforme d&#039;emplois Premium Sommelier.\" \/>\n<meta property=\"og:url\" content=\"https:\/\/www.sommelier-jobs.com\/it\/infographic-english-3\/\" \/>\n<meta property=\"og:site_name\" content=\"International Premium Niche Sommelier Job Portal\" \/>\n<meta property=\"article:publisher\" content=\"https:\/\/www.facebook.com\/Sommelierjobs\" \/>\n<meta property=\"article:modified_time\" content=\"2024-10-15T05:15:00+00:00\" \/>\n<meta property=\"og:image\" content=\"https:\/\/www.sommelier-jobs.com\/wp-content\/uploads\/2024\/10\/Infographie-France-scaled.jpg\" \/>\n\t<meta property=\"og:image:width\" content=\"2519\" \/>\n\t<meta property=\"og:image:height\" content=\"2560\" \/>\n\t<meta property=\"og:image:type\" content=\"image\/jpeg\" \/>\n<meta name=\"twitter:card\" content=\"summary_large_image\" \/>\n<meta name=\"twitter:site\" content=\"@DominikKoz73050\" \/>\n<meta name=\"twitter:label1\" content=\"Tempo di lettura stimato\" \/>\n\t<meta name=\"twitter:data1\" content=\"2 minuti\" \/>\n<script type=\"application\/ld+json\" class=\"yoast-schema-graph\">{\"@context\":\"https:\\\/\\\/schema.org\",\"@graph\":[{\"@type\":\"WebPage\",\"@id\":\"https:\\\/\\\/www.sommelier-jobs.com\\\/infographic-english-3\\\/\",\"url\":\"https:\\\/\\\/www.sommelier-jobs.com\\\/infographic-english-3\\\/\",\"name\":\"Infopraphie French - International Premium Niche Sommelier Job Portal\",\"isPartOf\":{\"@id\":\"https:\\\/\\\/www.sommelier-jobs.com\\\/de\\\/#website\"},\"primaryImageOfPage\":{\"@id\":\"https:\\\/\\\/www.sommelier-jobs.com\\\/infographic-english-3\\\/#primaryimage\"},\"image\":{\"@id\":\"https:\\\/\\\/www.sommelier-jobs.com\\\/infographic-english-3\\\/#primaryimage\"},\"thumbnailUrl\":\"https:\\\/\\\/www.sommelier-jobs.com\\\/wp-content\\\/uploads\\\/2024\\\/10\\\/Infographie-France-1007x1024.jpg\",\"datePublished\":\"2024-10-10T13:24:54+00:00\",\"dateModified\":\"2024-10-15T05:15:00+00:00\",\"breadcrumb\":{\"@id\":\"https:\\\/\\\/www.sommelier-jobs.com\\\/infographic-english-3\\\/#breadcrumb\"},\"inLanguage\":\"it-IT\",\"potentialAction\":[{\"@type\":\"ReadAction\",\"target\":[\"https:\\\/\\\/www.sommelier-jobs.com\\\/infographic-english-3\\\/\"]}]},{\"@type\":\"ImageObject\",\"inLanguage\":\"it-IT\",\"@id\":\"https:\\\/\\\/www.sommelier-jobs.com\\\/infographic-english-3\\\/#primaryimage\",\"url\":\"https:\\\/\\\/www.sommelier-jobs.com\\\/wp-content\\\/uploads\\\/2024\\\/10\\\/Infographie-France-1007x1024.jpg\",\"contentUrl\":\"https:\\\/\\\/www.sommelier-jobs.com\\\/wp-content\\\/uploads\\\/2024\\\/10\\\/Infographie-France-1007x1024.jpg\"},{\"@type\":\"BreadcrumbList\",\"@id\":\"https:\\\/\\\/www.sommelier-jobs.com\\\/infographic-english-3\\\/#breadcrumb\",\"itemListElement\":[{\"@type\":\"ListItem\",\"position\":1,\"name\":\"Home\",\"item\":\"https:\\\/\\\/www.sommelier-jobs.com\\\/\"},{\"@type\":\"ListItem\",\"position\":2,\"name\":\"Infopraphie French\"}]},{\"@type\":\"WebSite\",\"@id\":\"https:\\\/\\\/www.sommelier-jobs.com\\\/de\\\/#website\",\"url\":\"https:\\\/\\\/www.sommelier-jobs.com\\\/de\\\/\",\"name\":\"International Premium Niche Sommelier Job Portal\",\"description\":\"Sommelier Jobs Worldwide\",\"publisher\":{\"@id\":\"https:\\\/\\\/www.sommelier-jobs.com\\\/de\\\/#organization\"},\"potentialAction\":[{\"@type\":\"SearchAction\",\"target\":{\"@type\":\"EntryPoint\",\"urlTemplate\":\"https:\\\/\\\/www.sommelier-jobs.com\\\/de\\\/?s={search_term_string}\"},\"query-input\":{\"@type\":\"PropertyValueSpecification\",\"valueRequired\":true,\"valueName\":\"search_term_string\"}}],\"inLanguage\":\"it-IT\"},{\"@type\":\"Organization\",\"@id\":\"https:\\\/\\\/www.sommelier-jobs.com\\\/de\\\/#organization\",\"name\":\"Zeitgeist Premium Sommelier Job Portal\",\"url\":\"https:\\\/\\\/www.sommelier-jobs.com\\\/de\\\/\",\"logo\":{\"@type\":\"ImageObject\",\"inLanguage\":\"it-IT\",\"@id\":\"https:\\\/\\\/www.sommelier-jobs.com\\\/de\\\/#\\\/schema\\\/logo\\\/image\\\/\",\"url\":\"https:\\\/\\\/www.sommelier-jobs.com\\\/wp-content\\\/uploads\\\/2023\\\/03\\\/ICON.png\",\"contentUrl\":\"https:\\\/\\\/www.sommelier-jobs.com\\\/wp-content\\\/uploads\\\/2023\\\/03\\\/ICON.png\",\"width\":192,\"height\":192,\"caption\":\"Zeitgeist Premium Sommelier Job Portal\"},\"image\":{\"@id\":\"https:\\\/\\\/www.sommelier-jobs.com\\\/de\\\/#\\\/schema\\\/logo\\\/image\\\/\"},\"sameAs\":[\"https:\\\/\\\/www.facebook.com\\\/Sommelierjobs\",\"https:\\\/\\\/x.com\\\/DominikKoz73050\"]}]}<\/script>\n<!-- \/ Yoast SEO plugin. -->","yoast_head_json":{"title":"Infopraphie French - International Premium Niche Sommelier Job Portal","robots":{"index":"index","follow":"follow","max-snippet":"max-snippet:-1","max-image-preview":"max-image-preview:large","max-video-preview":"max-video-preview:-1"},"canonical":"https:\/\/www.sommelier-jobs.com\/it\/infographic-english-3\/","og_locale":"it_IT","og_type":"article","og_title":"Infopraphie French - International Premium Niche Sommelier Job Portal","og_description":"Comment publier une offre d'emploi Trois \u00e9tapes simples pour publier une offre d'emploi sur notre plateforme d'emplois Premium Sommelier. Publier une offre d'emploi sur la plateforme d'emplois Premium Sommelier.","og_url":"https:\/\/www.sommelier-jobs.com\/it\/infographic-english-3\/","og_site_name":"International Premium Niche Sommelier Job Portal","article_publisher":"https:\/\/www.facebook.com\/Sommelierjobs","article_modified_time":"2024-10-15T05:15:00+00:00","og_image":[{"width":2519,"height":2560,"url":"https:\/\/www.sommelier-jobs.com\/wp-content\/uploads\/2024\/10\/Infographie-France-scaled.jpg","type":"image\/jpeg"}],"twitter_card":"summary_large_image","twitter_site":"@DominikKoz73050","twitter_misc":{"Tempo di lettura stimato":"2 minuti"},"schema":{"@context":"https:\/\/schema.org","@graph":[{"@type":"WebPage","@id":"https:\/\/www.sommelier-jobs.com\/infographic-english-3\/","url":"https:\/\/www.sommelier-jobs.com\/infographic-english-3\/","name":"Infopraphie French - International Premium Niche Sommelier Job Portal","isPartOf":{"@id":"https:\/\/www.sommelier-jobs.com\/de\/#website"},"primaryImageOfPage":{"@id":"https:\/\/www.sommelier-jobs.com\/infographic-english-3\/#primaryimage"},"image":{"@id":"https:\/\/www.sommelier-jobs.com\/infographic-english-3\/#primaryimage"},"thumbnailUrl":"https:\/\/www.sommelier-jobs.com\/wp-content\/uploads\/2024\/10\/Infographie-France-1007x1024.jpg","datePublished":"2024-10-10T13:24:54+00:00","dateModified":"2024-10-15T05:15:00+00:00","breadcrumb":{"@id":"https:\/\/www.sommelier-jobs.com\/infographic-english-3\/#breadcrumb"},"inLanguage":"it-IT","potentialAction":[{"@type":"ReadAction","target":["https:\/\/www.sommelier-jobs.com\/infographic-english-3\/"]}]},{"@type":"ImageObject","inLanguage":"it-IT","@id":"https:\/\/www.sommelier-jobs.com\/infographic-english-3\/#primaryimage","url":"https:\/\/www.sommelier-jobs.com\/wp-content\/uploads\/2024\/10\/Infographie-France-1007x1024.jpg","contentUrl":"https:\/\/www.sommelier-jobs.com\/wp-content\/uploads\/2024\/10\/Infographie-France-1007x1024.jpg"},{"@type":"BreadcrumbList","@id":"https:\/\/www.sommelier-jobs.com\/infographic-english-3\/#breadcrumb","itemListElement":[{"@type":"ListItem","position":1,"name":"Home","item":"https:\/\/www.sommelier-jobs.com\/"},{"@type":"ListItem","position":2,"name":"Infopraphie French"}]},{"@type":"WebSite","@id":"https:\/\/www.sommelier-jobs.com\/de\/#website","url":"https:\/\/www.sommelier-jobs.com\/de\/","name":"International Premium Niche Sommelier Job Portal","description":"Sommelier Jobs Worldwide","publisher":{"@id":"https:\/\/www.sommelier-jobs.com\/de\/#organization"},"potentialAction":[{"@type":"SearchAction","target":{"@type":"EntryPoint","urlTemplate":"https:\/\/www.sommelier-jobs.com\/de\/?s={search_term_string}"},"query-input":{"@type":"PropertyValueSpecification","valueRequired":true,"valueName":"search_term_string"}}],"inLanguage":"it-IT"},{"@type":"Organization","@id":"https:\/\/www.sommelier-jobs.com\/de\/#organization","name":"Zeitgeist Premium Sommelier Job Portal","url":"https:\/\/www.sommelier-jobs.com\/de\/","logo":{"@type":"ImageObject","inLanguage":"it-IT","@id":"https:\/\/www.sommelier-jobs.com\/de\/#\/schema\/logo\/image\/","url":"https:\/\/www.sommelier-jobs.com\/wp-content\/uploads\/2023\/03\/ICON.png","contentUrl":"https:\/\/www.sommelier-jobs.com\/wp-content\/uploads\/2023\/03\/ICON.png","width":192,"height":192,"caption":"Zeitgeist Premium Sommelier Job Portal"},"image":{"@id":"https:\/\/www.sommelier-jobs.com\/de\/#\/schema\/logo\/image\/"},"sameAs":["https:\/\/www.facebook.com\/Sommelierjobs","https:\/\/x.com\/DominikKoz73050"]}]}},"publishpress_future_action":{"enabled":false,"date":"2026-04-15 13:37:30","action":"change-status","newStatus":"draft","terms":[],"taxonomy":"","extraData":[]},"publishpress_future_workflow_manual_trigger":{"enabledWorkflows":[]},"_links":{"self":[{"href":"https:\/\/www.sommelier-jobs.com\/it\/wp-json\/wp\/v2\/pages\/67171","targetHints":{"allow":["GET"]}}],"collection":[{"href":"https:\/\/www.sommelier-jobs.com\/it\/wp-json\/wp\/v2\/pages"}],"about":[{"href":"https:\/\/www.sommelier-jobs.com\/it\/wp-json\/wp\/v2\/types\/page"}],"author":[{"embeddable":true,"href":"https:\/\/www.sommelier-jobs.com\/it\/wp-json\/wp\/v2\/users\/1382"}],"replies":[{"embeddable":true,"href":"https:\/\/www.sommelier-jobs.com\/it\/wp-json\/wp\/v2\/comments?post=67171"}],"version-history":[{"count":0,"href":"https:\/\/www.sommelier-jobs.com\/it\/wp-json\/wp\/v2\/pages\/67171\/revisions"}],"wp:attachment":[{"href":"https:\/\/www.sommelier-jobs.com\/it\/wp-json\/wp\/v2\/media?parent=67171"}],"curies":[{"name":"wp","href":"https:\/\/api.w.org\/{rel}","templated":true}]}}